{"id":1432,"date":"2023-11-02T22:29:48","date_gmt":"2023-11-02T18:59:48","guid":{"rendered":"https:\/\/rozitogroup.com\/product\/toz-kokulu-oda-spreyi\/"},"modified":"2024-01-10T21:01:04","modified_gmt":"2024-01-10T17:31:04","slug":"toz-kokulu-oda-spreyi","status":"publish","type":"product","link":"https:\/\/rozitogroup.com\/tr\/urun\/toz-kokulu-oda-spreyi\/","title":{"rendered":"Toz kokulu oda spreyi"},"content":{"rendered":"<h2 dir=\"ltr\" style=\"text-align: left;\">Toz kokulu oda spreyi<\/h2>\n<ul dir=\"ltr\" style=\"text-align: left;\">\n<li>120 ml esansiyel ya\u011f<\/li>\n<li>Talk pudras\u0131, bebek pudras\u0131 ve kozmetik kokusuna sahiptir<\/li>\n<li>Yatak odalar\u0131, masaj salonlar\u0131, spor kul\u00fcpleri i\u00e7in uygundur<\/li>\n<li>Stres \u00f6nleyici, rahatlat\u0131c\u0131<\/li>\n<\/ul>\n<p dir=\"ltr\" style=\"text-align: left;\">Toz kokulu oda spreyi, toz esansiyel ya\u011f i\u00e7erir. Parf\u00fcmlerdeki bu esansiyel ya\u011f asl\u0131nda temizlik, safl\u0131k ve tazelik dolu bir duyguyu hat\u0131rlat\u0131yor.<\/p>\n<p dir=\"ltr\" style=\"text-align: left;\">Pudra kokusu denilince talk pudras\u0131, bebek pudras\u0131, eski makyaj aksesuarlar\u0131, sa\u011fl\u0131k kremleri kokusu gibi farkl\u0131 pudra kokular\u0131 akla gelir.<\/p>\n<p dir=\"ltr\" style=\"text-align: left;\">Ancak bu kokunun orijinal k\u00f6keninin, \u00f6\u011f\u00fct\u00fclm\u00fc\u015f pirin\u00e7 tanelerinden elde edilen pirin\u00e7 tozu oldu\u011funu bilmek ilginizi \u00e7ekebilir. Pudra kokusu parf\u00fcm \u00fcretiminde en yayg\u0131n kullan\u0131lan kokulardan biridir.<\/p>\n","protected":false},"excerpt":{"rendered":"<p>Toz kokulu oda spreyi 120 ml esansiyel ya\u011f Talk pudras\u0131, bebek pudras\u0131 ve kozmetik kokusuna sahiptir Yatak odalar\u0131, masaj salonlar\u0131, spor kul\u00fcpleri i\u00e7in uygundur Stres \u00f6nleyici, rahatlat\u0131c\u0131 Toz kokulu oda spreyi, toz esansiyel ya\u011f i\u00e7erir. Parf\u00fcmlerdeki bu esansiyel ya\u011f asl\u0131nda temizlik, safl\u0131k ve tazelik dolu bir duyguyu hat\u0131rlat\u0131yor. Pudra kokusu denilince talk pudras\u0131, bebek pudras\u0131, [&hellip;]<\/p>\n","protected":false},"featured_media":1335,"comment_status":"open","ping_status":"closed","template":"","meta":{"_acf_changed":false},"product_brand":[],"product_cat":[79,72,95,80,87,155,64,71],"product_tag":[],"class_list":{"0":"post-1432","1":"product","2":"type-product","3":"status-publish","4":"has-post-thumbnail","6":"product_cat-endustriyel-koku-gidericiler","7":"product_cat-ev-spreyleri","8":"product_cat-fantezi","9":"product_cat-genel-koku-gidericiler","10":"product_cat-koku","11":"product_cat-oda-spreyi-120-ml","12":"product_cat-oda-spreyleri","13":"product_cat-ofis-ve-ticari-spreyler","15":"first","16":"instock","17":"shipping-taxable","18":"product-type-simple"},"acf":[],"_links":{"self":[{"href":"https:\/\/rozitogroup.com\/tr\/wp-json\/wp\/v2\/product\/1432","targetHints":{"allow":["GET"]}}],"collection":[{"href":"https:\/\/rozitogroup.com\/tr\/wp-json\/wp\/v2\/product"}],"about":[{"href":"https:\/\/rozitogroup.com\/tr\/wp-json\/wp\/v2\/types\/product"}],"replies":[{"embeddable":true,"href":"https:\/\/rozitogroup.com\/tr\/wp-json\/wp\/v2\/comments?post=1432"}],"version-history":[{"count":0,"href":"https:\/\/rozitogroup.com\/tr\/wp-json\/wp\/v2\/product\/1432\/revisions"}],"wp:featuredmedia":[{"embeddable":true,"href":"https:\/\/rozitogroup.com\/tr\/wp-json\/wp\/v2\/media\/1335"}],"wp:attachment":[{"href":"https:\/\/rozitogroup.com\/tr\/wp-json\/wp\/v2\/media?parent=1432"}],"wp:term":[{"taxonomy":"product_brand","embeddable":true,"href":"https:\/\/rozitogroup.com\/tr\/wp-json\/wp\/v2\/product_brand?post=1432"},{"taxonomy":"product_cat","embeddable":true,"href":"https:\/\/rozitogroup.com\/tr\/wp-json\/wp\/v2\/product_cat?post=1432"},{"taxonomy":"product_tag","embeddable":true,"href":"https:\/\/rozitogroup.com\/tr\/wp-json\/wp\/v2\/product_tag?post=1432"}],"curies":[{"name":"wp","href":"https:\/\/api.w.org\/{rel}","templated":true}]}}