{"id":1425,"date":"2023-11-02T22:26:15","date_gmt":"2023-11-02T18:56:15","guid":{"rendered":"https:\/\/rozitogroup.com\/product\/seftali-kokulu-oda-spreyi\/"},"modified":"2024-01-10T21:01:04","modified_gmt":"2024-01-10T17:31:04","slug":"seftali-kokulu-oda-spreyi","status":"publish","type":"product","link":"https:\/\/rozitogroup.com\/tr\/urun\/seftali-kokulu-oda-spreyi\/","title":{"rendered":"\u015eeftali kokulu oda spreyi"},"content":{"rendered":"<h2 dir=\"ltr\" style=\"text-align: left;\">\u015eeftali kokulu oda spreyi<\/h2>\n<ul dir=\"ltr\" style=\"text-align: left;\">\n<li>120 ml esansiyel ya\u011f<\/li>\n<li>Meyve kokulu do\u011fal parf\u00fcm<\/li>\n<li>\u0130\u015f ve ofis merkezleri i\u00e7in uygundur<\/li>\n<li>Konut kompleksleri i\u00e7in uygundur<\/li>\n<li>G\u00fczellik ve hizmet salonlar\u0131nda, spor kul\u00fcplerinde, masaj salonlar\u0131nda vb. kullan\u0131labilir.<\/li>\n<\/ul>\n<p dir=\"ltr\" style=\"text-align: left;\">\u015eeftali kokulu oda spreyi esansiyel ya\u011f\u0131, bilinen meyveli bir koku olmas\u0131 nedeniyle her zaman herkes taraf\u0131ndan memnuniyetle kar\u015f\u0131lanmaktad\u0131r. Bu harika esansiyel ya\u011f, do\u011fal kokusuyla izleyiciye yumu\u015fakl\u0131k, tazelik ve en \u00f6nemlisi rahatlama hissi verir.<\/p>\n","protected":false},"excerpt":{"rendered":"<p>\u015eeftali kokulu oda spreyi 120 ml esansiyel ya\u011f Meyve kokulu do\u011fal parf\u00fcm \u0130\u015f ve ofis merkezleri i\u00e7in uygundur Konut kompleksleri i\u00e7in uygundur G\u00fczellik ve hizmet salonlar\u0131nda, spor kul\u00fcplerinde, masaj salonlar\u0131nda vb. kullan\u0131labilir. \u015eeftali kokulu oda spreyi esansiyel ya\u011f\u0131, bilinen meyveli bir koku olmas\u0131 nedeniyle her zaman herkes taraf\u0131ndan memnuniyetle kar\u015f\u0131lanmaktad\u0131r. Bu harika esansiyel ya\u011f, do\u011fal [&hellip;]<\/p>\n","protected":false},"featured_media":1325,"comment_status":"open","ping_status":"closed","template":"","meta":{"_acf_changed":false},"product_brand":[],"product_cat":[79,72,80,87,96,155,64,71],"product_tag":[],"class_list":{"0":"post-1425","1":"product","2":"type-product","3":"status-publish","4":"has-post-thumbnail","6":"product_cat-endustriyel-koku-gidericiler","7":"product_cat-ev-spreyleri","8":"product_cat-genel-koku-gidericiler","9":"product_cat-koku","10":"product_cat-meyve","11":"product_cat-oda-spreyi-120-ml","12":"product_cat-oda-spreyleri","13":"product_cat-ofis-ve-ticari-spreyler","15":"first","16":"instock","17":"shipping-taxable","18":"product-type-simple"},"acf":[],"_links":{"self":[{"href":"https:\/\/rozitogroup.com\/tr\/wp-json\/wp\/v2\/product\/1425","targetHints":{"allow":["GET"]}}],"collection":[{"href":"https:\/\/rozitogroup.com\/tr\/wp-json\/wp\/v2\/product"}],"about":[{"href":"https:\/\/rozitogroup.com\/tr\/wp-json\/wp\/v2\/types\/product"}],"replies":[{"embeddable":true,"href":"https:\/\/rozitogroup.com\/tr\/wp-json\/wp\/v2\/comments?post=1425"}],"version-history":[{"count":0,"href":"https:\/\/rozitogroup.com\/tr\/wp-json\/wp\/v2\/product\/1425\/revisions"}],"wp:featuredmedia":[{"embeddable":true,"href":"https:\/\/rozitogroup.com\/tr\/wp-json\/wp\/v2\/media\/1325"}],"wp:attachment":[{"href":"https:\/\/rozitogroup.com\/tr\/wp-json\/wp\/v2\/media?parent=1425"}],"wp:term":[{"taxonomy":"product_brand","embeddable":true,"href":"https:\/\/rozitogroup.com\/tr\/wp-json\/wp\/v2\/product_brand?post=1425"},{"taxonomy":"product_cat","embeddable":true,"href":"https:\/\/rozitogroup.com\/tr\/wp-json\/wp\/v2\/product_cat?post=1425"},{"taxonomy":"product_tag","embeddable":true,"href":"https:\/\/rozitogroup.com\/tr\/wp-json\/wp\/v2\/product_tag?post=1425"}],"curies":[{"name":"wp","href":"https:\/\/api.w.org\/{rel}","templated":true}]}}