{"id":1424,"date":"2023-11-02T22:22:15","date_gmt":"2023-11-02T18:52:15","guid":{"rendered":"https:\/\/rozitogroup.com\/product\/orkide-kokulu-oda-spreyi\/"},"modified":"2024-01-10T21:01:04","modified_gmt":"2024-01-10T17:31:04","slug":"orkide-kokulu-oda-spreyi","status":"publish","type":"product","link":"https:\/\/rozitogroup.com\/tr\/urun\/orkide-kokulu-oda-spreyi\/","title":{"rendered":"Orkide kokulu oda spreyi"},"content":{"rendered":"<h2>Orkide kokulu oda spreyi<\/h2>\n<ul>\n<li>\n<li>120 ml esansiyel ya\u011f<\/li>\n<li>S\u0131cak ve tatl\u0131 bir aromas\u0131 vard\u0131r<\/li>\n<li>Y\u0131l\u0131n so\u011fuk mevsimi i\u00e7in uygundur<\/li>\n<p>  Ev, yatak odas\u0131, i\u015fyeri ve end\u00fcstriyel ortamlar i\u00e7in uygundur\n<\/ul>\n<p>Orkide \u00e7i\u00e7e\u011fi kokulu oda spreyi, \u00e7al\u0131\u015fma ortam\u0131n\u0131z\u0131 ve evinizi tatl\u0131 ve s\u0131cak bir kokuya kavu\u015fturacak.<\/p>\n<p>Orkide \u00e7i\u00e7e\u011fi bitki d\u00fcnyas\u0131nda olduk\u00e7a pop\u00fclerdir. Bu bitki g\u00fczel \u00e7i\u00e7ekleri, narin g\u00f6r\u00fcn\u00fcm\u00fc ve ilahi kokusuyla herkesi kendine \u00e7ekiyor. Onlar g\u00fczelli\u011fin ve m\u00fckemmelli\u011fin sembol\u00fcd\u00fcr.<\/p>\n<p>Orkidelerin dinozorlar\u0131n zaman\u0131ndan beri bilindi\u011fini \u00e7ok az ki\u015fi biliyor. Orkidelerin pek \u00e7ok t\u00fcr\u00fc vard\u0131r ve hepsi \u00e7ok k\u0131r\u0131lgan g\u00f6r\u00fcnmelerine ra\u011fmen \u00e7ok dayan\u0131kl\u0131 bitkilerdir.<\/p>\n<p>Orkide kokusu \u00e7ok \u00f6zel ve l\u00fcks olup parf\u00fcm d\u00fcnyas\u0131nda pek \u00e7ok hayran\u0131 bulunmaktad\u0131r.<\/p>\n<p>Orkide \u00e7i\u00e7e\u011fi g\u00fczel ve kendine \u00f6zg\u00fc bir \u00e7i\u00e7ektir. Orkidelerin pop\u00fclaritesi birka\u00e7 farkl\u0131 fakt\u00f6re ba\u011flanabilir. Bu fakt\u00f6rler aras\u0131nda \u00e7i\u00e7eklerin kokusu, orkidelerin g\u00fczelli\u011fi ve rengarenk \u00e7i\u00e7eklerini sayabiliriz. Orkideler, Antarktika hari\u00e7 her k\u0131tada ya\u011fmur ormanlar\u0131nda, \u00e7\u00f6l ve batakl\u0131klarda, da\u011flarda, vadilerde ve ovalarda yeti\u015fen, akla gelebilecek hemen her iklimde k\u00f6k salan \u00f6zel bir bitki s\u0131n\u0131f\u0131d\u0131r.<\/p>\n<p>Orkide inat\u00e7\u0131l\u0131\u011f\u0131n ve \u00f6zg\u00fcnl\u00fc\u011f\u00fcn sembol\u00fcd\u00fcr.<\/p>\n","protected":false},"excerpt":{"rendered":"<p>Orkide kokulu oda spreyi 120 ml esansiyel ya\u011f S\u0131cak ve tatl\u0131 bir aromas\u0131 vard\u0131r Y\u0131l\u0131n so\u011fuk mevsimi i\u00e7in uygundur Ev, yatak odas\u0131, i\u015fyeri ve end\u00fcstriyel ortamlar i\u00e7in uygundur Orkide \u00e7i\u00e7e\u011fi kokulu oda spreyi, \u00e7al\u0131\u015fma ortam\u0131n\u0131z\u0131 ve evinizi tatl\u0131 ve s\u0131cak bir kokuya kavu\u015fturacak. Orkide \u00e7i\u00e7e\u011fi bitki d\u00fcnyas\u0131nda olduk\u00e7a pop\u00fclerdir. Bu bitki g\u00fczel \u00e7i\u00e7ekleri, narin g\u00f6r\u00fcn\u00fcm\u00fc [&hellip;]<\/p>\n","protected":false},"featured_media":1315,"comment_status":"open","ping_status":"closed","template":"","meta":{"_acf_changed":false},"product_brand":[],"product_cat":[103,79,72,80,87,155,64,71],"product_tag":[],"class_list":{"0":"post-1424","1":"product","2":"type-product","3":"status-publish","4":"has-post-thumbnail","6":"product_cat-cicekler-ve-bitkiler","7":"product_cat-endustriyel-koku-gidericiler","8":"product_cat-ev-spreyleri","9":"product_cat-genel-koku-gidericiler","10":"product_cat-koku","11":"product_cat-oda-spreyi-120-ml","12":"product_cat-oda-spreyleri","13":"product_cat-ofis-ve-ticari-spreyler","15":"first","16":"instock","17":"shipping-taxable","18":"product-type-simple"},"acf":[],"_links":{"self":[{"href":"https:\/\/rozitogroup.com\/tr\/wp-json\/wp\/v2\/product\/1424","targetHints":{"allow":["GET"]}}],"collection":[{"href":"https:\/\/rozitogroup.com\/tr\/wp-json\/wp\/v2\/product"}],"about":[{"href":"https:\/\/rozitogroup.com\/tr\/wp-json\/wp\/v2\/types\/product"}],"replies":[{"embeddable":true,"href":"https:\/\/rozitogroup.com\/tr\/wp-json\/wp\/v2\/comments?post=1424"}],"version-history":[{"count":0,"href":"https:\/\/rozitogroup.com\/tr\/wp-json\/wp\/v2\/product\/1424\/revisions"}],"wp:featuredmedia":[{"embeddable":true,"href":"https:\/\/rozitogroup.com\/tr\/wp-json\/wp\/v2\/media\/1315"}],"wp:attachment":[{"href":"https:\/\/rozitogroup.com\/tr\/wp-json\/wp\/v2\/media?parent=1424"}],"wp:term":[{"taxonomy":"product_brand","embeddable":true,"href":"https:\/\/rozitogroup.com\/tr\/wp-json\/wp\/v2\/product_brand?post=1424"},{"taxonomy":"product_cat","embeddable":true,"href":"https:\/\/rozitogroup.com\/tr\/wp-json\/wp\/v2\/product_cat?post=1424"},{"taxonomy":"product_tag","embeddable":true,"href":"https:\/\/rozitogroup.com\/tr\/wp-json\/wp\/v2\/product_tag?post=1424"}],"curies":[{"name":"wp","href":"https:\/\/api.w.org\/{rel}","templated":true}]}}