{"id":1417,"date":"2023-11-02T22:14:04","date_gmt":"2023-11-02T18:44:04","guid":{"rendered":"https:\/\/rozitogroup.com\/product\/kavun-kokulu-oda-spreyi\/"},"modified":"2024-01-10T21:01:04","modified_gmt":"2024-01-10T17:31:04","slug":"kavun-kokulu-oda-spreyi","status":"publish","type":"product","link":"https:\/\/rozitogroup.com\/tr\/urun\/kavun-kokulu-oda-spreyi\/","title":{"rendered":"Kavun kokulu oda spreyi"},"content":{"rendered":"<h2 dir=\"ltr\" style=\"text-align: left;\">Kavun kokulu oda spreyi<\/h2>\n<ul dir=\"ltr\" style=\"text-align: left;\">\n<li>120 ml esansiyel ya\u011f<\/li>\n<li>Hafif ve tatl\u0131 bir kokusu vard\u0131r<\/li>\n<li>Evler, tuvaletler, \u015firketler vb. i\u00e7in uygundur.<\/li>\n<li>Rahatlat\u0131c\u0131 \u00f6zelliklere sahiptir<\/li>\n<li>tan\u0131d\u0131k koku<\/li>\n<\/ul>\n<p dir=\"ltr\" style=\"text-align: left;\">Kavun kokulu oda spreyi, farkl\u0131 t\u00fcrleri bulunan ve aslen G\u00fcneydo\u011fu Asya ve Afrika&#8217;ya \u00f6zg\u00fc olan kabakgiller familyas\u0131n\u0131n sulu ve etli bir meyvesidir. Kavun, sebze olan akrabalar\u0131ndan farkl\u0131 olarak bir meyve olarak kabul edilir.<\/p>\n<p dir=\"ltr\" style=\"text-align: left;\">Kavun, tatl\u0131 ve serin bir aromaya sahip olan meyve aromalar\u0131 grubundan biridir. Bu sprey, i\u00e7erisine konulan \u00e7ubuklar vas\u0131tas\u0131yla havaya yay\u0131l\u0131r.<\/p>\n","protected":false},"excerpt":{"rendered":"<p>Kavun kokulu oda spreyi 120 ml esansiyel ya\u011f Hafif ve tatl\u0131 bir kokusu vard\u0131r Evler, tuvaletler, \u015firketler vb. i\u00e7in uygundur. Rahatlat\u0131c\u0131 \u00f6zelliklere sahiptir tan\u0131d\u0131k koku Kavun kokulu oda spreyi, farkl\u0131 t\u00fcrleri bulunan ve aslen G\u00fcneydo\u011fu Asya ve Afrika&#8217;ya \u00f6zg\u00fc olan kabakgiller familyas\u0131n\u0131n sulu ve etli bir meyvesidir. Kavun, sebze olan akrabalar\u0131ndan farkl\u0131 olarak bir meyve [&hellip;]<\/p>\n","protected":false},"featured_media":1305,"comment_status":"open","ping_status":"closed","template":"","meta":{"_acf_changed":false},"product_brand":[],"product_cat":[79,72,80,87,96,155,64,71],"product_tag":[],"class_list":{"0":"post-1417","1":"product","2":"type-product","3":"status-publish","4":"has-post-thumbnail","6":"product_cat-endustriyel-koku-gidericiler","7":"product_cat-ev-spreyleri","8":"product_cat-genel-koku-gidericiler","9":"product_cat-koku","10":"product_cat-meyve","11":"product_cat-oda-spreyi-120-ml","12":"product_cat-oda-spreyleri","13":"product_cat-ofis-ve-ticari-spreyler","15":"first","16":"instock","17":"shipping-taxable","18":"product-type-simple"},"acf":[],"_links":{"self":[{"href":"https:\/\/rozitogroup.com\/tr\/wp-json\/wp\/v2\/product\/1417","targetHints":{"allow":["GET"]}}],"collection":[{"href":"https:\/\/rozitogroup.com\/tr\/wp-json\/wp\/v2\/product"}],"about":[{"href":"https:\/\/rozitogroup.com\/tr\/wp-json\/wp\/v2\/types\/product"}],"replies":[{"embeddable":true,"href":"https:\/\/rozitogroup.com\/tr\/wp-json\/wp\/v2\/comments?post=1417"}],"version-history":[{"count":0,"href":"https:\/\/rozitogroup.com\/tr\/wp-json\/wp\/v2\/product\/1417\/revisions"}],"wp:featuredmedia":[{"embeddable":true,"href":"https:\/\/rozitogroup.com\/tr\/wp-json\/wp\/v2\/media\/1305"}],"wp:attachment":[{"href":"https:\/\/rozitogroup.com\/tr\/wp-json\/wp\/v2\/media?parent=1417"}],"wp:term":[{"taxonomy":"product_brand","embeddable":true,"href":"https:\/\/rozitogroup.com\/tr\/wp-json\/wp\/v2\/product_brand?post=1417"},{"taxonomy":"product_cat","embeddable":true,"href":"https:\/\/rozitogroup.com\/tr\/wp-json\/wp\/v2\/product_cat?post=1417"},{"taxonomy":"product_tag","embeddable":true,"href":"https:\/\/rozitogroup.com\/tr\/wp-json\/wp\/v2\/product_tag?post=1417"}],"curies":[{"name":"wp","href":"https:\/\/api.w.org\/{rel}","templated":true}]}}