{"id":1415,"date":"2023-11-02T22:08:54","date_gmt":"2023-11-02T18:38:54","guid":{"rendered":"https:\/\/rozitogroup.com\/product\/lilyum-kokulu-oda-spreyi\/"},"modified":"2024-01-10T21:01:04","modified_gmt":"2024-01-10T17:31:04","slug":"lilyum-kokulu-oda-spreyi","status":"publish","type":"product","link":"https:\/\/rozitogroup.com\/tr\/urun\/lilyum-kokulu-oda-spreyi\/","title":{"rendered":"Lilyum kokulu oda spreyi"},"content":{"rendered":"<h2 dir=\"ltr\" style=\"text-align: left;\">Lilyium kokulu oda spreyi<\/h2>\n<ul dir=\"ltr\" style=\"text-align: left;\">\n<li>120 ml esansiyel ya\u011f<\/li>\n<li>Hafif ve tatl\u0131 bir kokusu vard\u0131r<\/li>\n<li>Evler ve banyolar i\u00e7in uygundur ve&#8230;<\/li>\n<li>Rahatlat\u0131c\u0131 \u00f6zelliklere sahiptir<\/li>\n<li>tan\u0131d\u0131k koku<\/li>\n<\/ul>\n<p dir=\"ltr\" style=\"text-align: left;\">Spor kul\u00fcplerinin, otellerin, ofislerin, \u015firketlerin vb. kokular\u0131n\u0131 gidermek i\u00e7in Lilium esansiyel ya\u011f\u0131 olan Lilium kokulu oda spreyi. kullan\u0131ld\u0131.<\/p>\n<p dir=\"ltr\" style=\"text-align: left;\">Bu esansiyel ya\u011f t\u00fcr\u00fc, zihninizi ve bedeninizi sakinle\u015ftirecek \u015fekilde istedi\u011finiz ortam\u0131 kokuland\u0131rmak i\u00e7in kullanabilece\u011finiz lilyum esansiyel ya\u011f\u0131ndan olu\u015fur. A<\/p>\n<p dir=\"ltr\" style=\"text-align: left;\">\u00c7e\u015fitli nedenlerden dolay\u0131 kayg\u0131 ve endi\u015feniz varsa Rozito zambak kokulu koku giderici esansiyel ya\u011f\u0131 kayg\u0131 ve endi\u015felerinizi tedavi edecektir.<\/p>\n<p dir=\"ltr\" style=\"text-align: left;\">Lilium isminin ho\u015f aromas\u0131yla en pop\u00fcler bitkilerden biri olan \u00e7ok \u00fcnl\u00fc bir bitkinin ad\u0131 oldu\u011funu s\u00f6ylemeye gerek yok.<\/p>\n","protected":false},"excerpt":{"rendered":"<p>Lilyium kokulu oda spreyi 120 ml esansiyel ya\u011f Hafif ve tatl\u0131 bir kokusu vard\u0131r Evler ve banyolar i\u00e7in uygundur ve&#8230; Rahatlat\u0131c\u0131 \u00f6zelliklere sahiptir tan\u0131d\u0131k koku Spor kul\u00fcplerinin, otellerin, ofislerin, \u015firketlerin vb. kokular\u0131n\u0131 gidermek i\u00e7in Lilium esansiyel ya\u011f\u0131 olan Lilium kokulu oda spreyi. kullan\u0131ld\u0131. Bu esansiyel ya\u011f t\u00fcr\u00fc, zihninizi ve bedeninizi sakinle\u015ftirecek \u015fekilde istedi\u011finiz ortam\u0131 kokuland\u0131rmak [&hellip;]<\/p>\n","protected":false},"featured_media":1295,"comment_status":"open","ping_status":"closed","template":"","meta":{"_acf_changed":false},"product_brand":[],"product_cat":[103,79,72,80,87,155,64,71],"product_tag":[],"class_list":{"0":"post-1415","1":"product","2":"type-product","3":"status-publish","4":"has-post-thumbnail","6":"product_cat-cicekler-ve-bitkiler","7":"product_cat-endustriyel-koku-gidericiler","8":"product_cat-ev-spreyleri","9":"product_cat-genel-koku-gidericiler","10":"product_cat-koku","11":"product_cat-oda-spreyi-120-ml","12":"product_cat-oda-spreyleri","13":"product_cat-ofis-ve-ticari-spreyler","15":"first","16":"instock","17":"shipping-taxable","18":"product-type-simple"},"acf":[],"_links":{"self":[{"href":"https:\/\/rozitogroup.com\/tr\/wp-json\/wp\/v2\/product\/1415","targetHints":{"allow":["GET"]}}],"collection":[{"href":"https:\/\/rozitogroup.com\/tr\/wp-json\/wp\/v2\/product"}],"about":[{"href":"https:\/\/rozitogroup.com\/tr\/wp-json\/wp\/v2\/types\/product"}],"replies":[{"embeddable":true,"href":"https:\/\/rozitogroup.com\/tr\/wp-json\/wp\/v2\/comments?post=1415"}],"version-history":[{"count":0,"href":"https:\/\/rozitogroup.com\/tr\/wp-json\/wp\/v2\/product\/1415\/revisions"}],"wp:featuredmedia":[{"embeddable":true,"href":"https:\/\/rozitogroup.com\/tr\/wp-json\/wp\/v2\/media\/1295"}],"wp:attachment":[{"href":"https:\/\/rozitogroup.com\/tr\/wp-json\/wp\/v2\/media?parent=1415"}],"wp:term":[{"taxonomy":"product_brand","embeddable":true,"href":"https:\/\/rozitogroup.com\/tr\/wp-json\/wp\/v2\/product_brand?post=1415"},{"taxonomy":"product_cat","embeddable":true,"href":"https:\/\/rozitogroup.com\/tr\/wp-json\/wp\/v2\/product_cat?post=1415"},{"taxonomy":"product_tag","embeddable":true,"href":"https:\/\/rozitogroup.com\/tr\/wp-json\/wp\/v2\/product_tag?post=1415"}],"curies":[{"name":"wp","href":"https:\/\/api.w.org\/{rel}","templated":true}]}}