{"id":1407,"date":"2023-11-02T22:00:00","date_gmt":"2023-11-02T18:30:00","guid":{"rendered":"https:\/\/rozitogroup.com\/product\/limon-kokulu-oda-spreyi\/"},"modified":"2024-01-10T21:01:04","modified_gmt":"2024-01-10T17:31:04","slug":"limon-kokulu-oda-spreyi","status":"publish","type":"product","link":"https:\/\/rozitogroup.com\/tr\/urun\/limon-kokulu-oda-spreyi\/","title":{"rendered":"Limon kokulu oda spreyi"},"content":{"rendered":"<h2 dir=\"ltr\" style=\"text-align: left;\">Limon kokulu oda spreyi<\/h2>\n<ul dir=\"ltr\" style=\"text-align: left;\">\n<li>100 ml esansiyel ya\u011f<\/li>\n<li>Ho\u015f bir limon kokusuna sahiptir<\/li>\n<li>Ortamda canl\u0131l\u0131k ve tazelik yaratmak i\u00e7in kullan\u0131l\u0131r<\/li>\n<li>Evde, i\u015fyerinde, spor salonunda, otelde, toplant\u0131 salonunda kullan\u0131ma uygundur<\/li>\n<\/ul>\n<p dir=\"ltr\" style=\"text-align: left;\"><strong>Limonlu oda spreyi<\/strong>, enerjiyi art\u0131ran \u00e7ekici bir limon kokusuna sahiptir. Limon kokusu insanlarda uyan\u0131kl\u0131k ve konsantrasyon g\u00fcc\u00fcn\u00fcn yan\u0131 s\u0131ra canl\u0131l\u0131k ve mutluluk d\u00fczeyini de art\u0131r\u0131r.<\/p>\n<p dir=\"ltr\" style=\"text-align: left;\"><strong>Limonlu oda spreyi<\/strong> farkl\u0131 ortamlarda kullan\u0131labilir. Limonun ho\u015f ve aromatik kokusu onun farkl\u0131 ortamlarda kullan\u0131lmas\u0131n\u0131 sa\u011flam\u0131\u015ft\u0131r. Limonun harika, ho\u015f ve meyveli kokusu ortama tazelik ve mutluluk getiren en pop\u00fcler kokulardan biridir.<\/p>\n<p dir=\"ltr\" style=\"text-align: left;\">Dolay\u0131s\u0131yla bu koku evden i\u015fe ve di\u011fer alanlara kadar farkl\u0131 ortamlarda kullan\u0131labilir.<\/p>\n","protected":false},"excerpt":{"rendered":"<p>Limon kokulu oda spreyi 100 ml esansiyel ya\u011f Ho\u015f bir limon kokusuna sahiptir Ortamda canl\u0131l\u0131k ve tazelik yaratmak i\u00e7in kullan\u0131l\u0131r Evde, i\u015fyerinde, spor salonunda, otelde, toplant\u0131 salonunda kullan\u0131ma uygundur Limonlu oda spreyi, enerjiyi art\u0131ran \u00e7ekici bir limon kokusuna sahiptir. Limon kokusu insanlarda uyan\u0131kl\u0131k ve konsantrasyon g\u00fcc\u00fcn\u00fcn yan\u0131 s\u0131ra canl\u0131l\u0131k ve mutluluk d\u00fczeyini de art\u0131r\u0131r. Limonlu [&hellip;]<\/p>\n","protected":false},"featured_media":1285,"comment_status":"open","ping_status":"closed","template":"","meta":{"_acf_changed":false},"product_brand":[],"product_cat":[79,72,80,87,96,155,64,71],"product_tag":[],"class_list":{"0":"post-1407","1":"product","2":"type-product","3":"status-publish","4":"has-post-thumbnail","6":"product_cat-endustriyel-koku-gidericiler","7":"product_cat-ev-spreyleri","8":"product_cat-genel-koku-gidericiler","9":"product_cat-koku","10":"product_cat-meyve","11":"product_cat-oda-spreyi-120-ml","12":"product_cat-oda-spreyleri","13":"product_cat-ofis-ve-ticari-spreyler","15":"first","16":"instock","17":"shipping-taxable","18":"product-type-simple"},"acf":[],"_links":{"self":[{"href":"https:\/\/rozitogroup.com\/tr\/wp-json\/wp\/v2\/product\/1407","targetHints":{"allow":["GET"]}}],"collection":[{"href":"https:\/\/rozitogroup.com\/tr\/wp-json\/wp\/v2\/product"}],"about":[{"href":"https:\/\/rozitogroup.com\/tr\/wp-json\/wp\/v2\/types\/product"}],"replies":[{"embeddable":true,"href":"https:\/\/rozitogroup.com\/tr\/wp-json\/wp\/v2\/comments?post=1407"}],"version-history":[{"count":0,"href":"https:\/\/rozitogroup.com\/tr\/wp-json\/wp\/v2\/product\/1407\/revisions"}],"wp:featuredmedia":[{"embeddable":true,"href":"https:\/\/rozitogroup.com\/tr\/wp-json\/wp\/v2\/media\/1285"}],"wp:attachment":[{"href":"https:\/\/rozitogroup.com\/tr\/wp-json\/wp\/v2\/media?parent=1407"}],"wp:term":[{"taxonomy":"product_brand","embeddable":true,"href":"https:\/\/rozitogroup.com\/tr\/wp-json\/wp\/v2\/product_brand?post=1407"},{"taxonomy":"product_cat","embeddable":true,"href":"https:\/\/rozitogroup.com\/tr\/wp-json\/wp\/v2\/product_cat?post=1407"},{"taxonomy":"product_tag","embeddable":true,"href":"https:\/\/rozitogroup.com\/tr\/wp-json\/wp\/v2\/product_tag?post=1407"}],"curies":[{"name":"wp","href":"https:\/\/api.w.org\/{rel}","templated":true}]}}