{"id":1406,"date":"2023-11-02T21:50:14","date_gmt":"2023-11-02T18:20:14","guid":{"rendered":"https:\/\/rozitogroup.com\/product\/egzotik-kokulu-oda-spreyi\/"},"modified":"2024-01-10T21:01:05","modified_gmt":"2024-01-10T17:31:05","slug":"egzotik-kokulu-oda-spreyi","status":"publish","type":"product","link":"https:\/\/rozitogroup.com\/tr\/urun\/egzotik-kokulu-oda-spreyi\/","title":{"rendered":"Egzotik kokulu oda spreyi"},"content":{"rendered":"<h2 dir=\"ltr\" style=\"text-align: left;\">Egzotik kokulu oda spreyi<\/h2>\n<ul dir=\"ltr\" style=\"text-align: left;\">\n<li>120 ml esansiyel ya\u011f<\/li>\n<li>Ola\u011fan\u00fcst\u00fc koku ve kadifemsi koku<\/li>\n<li>\u0130\u015f ve ofis merkezleri i\u00e7in uygundur<\/li>\n<li>Konut kompleksleri i\u00e7in uygundur<\/li>\n<li>G\u00fczellik ve hizmet salonlar\u0131nda, spor kul\u00fcplerinde, masaj salonlar\u0131nda vb. kullan\u0131labilir.<\/li>\n<\/ul>\n<p dir=\"ltr\" style=\"text-align: left;\">Egzotik kokusu, tuhaf kokusu ve kadifemsi kokusuyla ya\u015fam alan\u0131n\u0131z\u0131 daha s\u0131cak hale getiren Rozito oda spreyi. Bu <span style=\"color: #ff9900;\"><a style=\"color: #ff9900;\" href=\"https:\/\/rozitogroup.com\/product-category\/%d8%ae%d9%88%d8%b4%d8%a8%d9%88%da%a9%d9%86%d9%86%d8% af%d9%87-%d9%87%d8%a7\/\"><strong>Koku<\/strong> <\/a><\/span>birle\u015ftirildi! \u00c7al\u0131\u015fma ortam\u0131, ev, apartman, ofis, \u015firket, yatak odas\u0131, oturma odas\u0131 ve ortam\u0131n di\u011fer k\u0131s\u0131mlar\u0131ndaki kokular\u0131 gidermesinin yan\u0131 s\u0131ra sigara, nem, kirlilik, kanalizasyon vb. nedenlerden kaynaklanan ho\u015f olmayan kokular\u0131n hissedilmemesini sa\u011flar.<\/p>\n","protected":false},"excerpt":{"rendered":"<p>Egzotik kokulu oda spreyi 120 ml esansiyel ya\u011f Ola\u011fan\u00fcst\u00fc koku ve kadifemsi koku \u0130\u015f ve ofis merkezleri i\u00e7in uygundur Konut kompleksleri i\u00e7in uygundur G\u00fczellik ve hizmet salonlar\u0131nda, spor kul\u00fcplerinde, masaj salonlar\u0131nda vb. kullan\u0131labilir. Egzotik kokusu, tuhaf kokusu ve kadifemsi kokusuyla ya\u015fam alan\u0131n\u0131z\u0131 daha s\u0131cak hale getiren Rozito oda spreyi. Bu Koku birle\u015ftirildi! \u00c7al\u0131\u015fma ortam\u0131, ev, [&hellip;]<\/p>\n","protected":false},"featured_media":1275,"comment_status":"open","ping_status":"closed","template":"","meta":{"_acf_changed":false},"product_brand":[],"product_cat":[79,72,95,80,87,155,64,71],"product_tag":[],"class_list":{"0":"post-1406","1":"product","2":"type-product","3":"status-publish","4":"has-post-thumbnail","6":"product_cat-endustriyel-koku-gidericiler","7":"product_cat-ev-spreyleri","8":"product_cat-fantezi","9":"product_cat-genel-koku-gidericiler","10":"product_cat-koku","11":"product_cat-oda-spreyi-120-ml","12":"product_cat-oda-spreyleri","13":"product_cat-ofis-ve-ticari-spreyler","15":"first","16":"instock","17":"shipping-taxable","18":"product-type-simple"},"acf":[],"_links":{"self":[{"href":"https:\/\/rozitogroup.com\/tr\/wp-json\/wp\/v2\/product\/1406","targetHints":{"allow":["GET"]}}],"collection":[{"href":"https:\/\/rozitogroup.com\/tr\/wp-json\/wp\/v2\/product"}],"about":[{"href":"https:\/\/rozitogroup.com\/tr\/wp-json\/wp\/v2\/types\/product"}],"replies":[{"embeddable":true,"href":"https:\/\/rozitogroup.com\/tr\/wp-json\/wp\/v2\/comments?post=1406"}],"version-history":[{"count":0,"href":"https:\/\/rozitogroup.com\/tr\/wp-json\/wp\/v2\/product\/1406\/revisions"}],"wp:featuredmedia":[{"embeddable":true,"href":"https:\/\/rozitogroup.com\/tr\/wp-json\/wp\/v2\/media\/1275"}],"wp:attachment":[{"href":"https:\/\/rozitogroup.com\/tr\/wp-json\/wp\/v2\/media?parent=1406"}],"wp:term":[{"taxonomy":"product_brand","embeddable":true,"href":"https:\/\/rozitogroup.com\/tr\/wp-json\/wp\/v2\/product_brand?post=1406"},{"taxonomy":"product_cat","embeddable":true,"href":"https:\/\/rozitogroup.com\/tr\/wp-json\/wp\/v2\/product_cat?post=1406"},{"taxonomy":"product_tag","embeddable":true,"href":"https:\/\/rozitogroup.com\/tr\/wp-json\/wp\/v2\/product_tag?post=1406"}],"curies":[{"name":"wp","href":"https:\/\/api.w.org\/{rel}","templated":true}]}}