{"id":1399,"date":"2023-11-02T21:44:05","date_gmt":"2023-11-02T18:14:05","guid":{"rendered":"https:\/\/rozitogroup.com\/product\/buzlu-su-kokulu-oda-spreyi\/"},"modified":"2024-01-10T21:01:05","modified_gmt":"2024-01-10T17:31:05","slug":"buzlu-su-kokulu-oda-spreyi","status":"publish","type":"product","link":"https:\/\/rozitogroup.com\/tr\/urun\/buzlu-su-kokulu-oda-spreyi\/","title":{"rendered":"Buzlu su kokulu oda spreyi"},"content":{"rendered":"<h2 dir=\"ltr\" style=\"text-align: left;\">Buzlu su kokulu oda spreyi<\/h2>\n<ul dir=\"ltr\" style=\"text-align: left;\">\n<li>120 ml esansiyel ya\u011f<\/li>\n<li>Serin ve kal\u0131c\u0131 bir kokusu vard\u0131r<\/li>\n<li>Y\u0131l\u0131n s\u0131cak mevsimi i\u00e7in uygundur<\/li>\n<li>Spor salonlar\u0131 ve spor kul\u00fcpleri i\u00e7in uygundur<\/li>\n<\/ul>\n<p dir=\"ltr\" style=\"text-align: left;\"><strong>oda spreyi<\/strong> Serin ve hafif kokulu So\u011fuk Su, odan\u0131za tazelik ve canl\u0131l\u0131k hissi verir. \u00e7evre getiriyor Bu esansiyel ya\u011f, s\u0131cak mevsimlerde kullan\u0131ma olduk\u00e7a uygundur ve bir\u00e7ok ortamda kullan\u0131labilir.<\/p>\n","protected":false},"excerpt":{"rendered":"<p>Buzlu su kokulu oda spreyi 120 ml esansiyel ya\u011f Serin ve kal\u0131c\u0131 bir kokusu vard\u0131r Y\u0131l\u0131n s\u0131cak mevsimi i\u00e7in uygundur Spor salonlar\u0131 ve spor kul\u00fcpleri i\u00e7in uygundur oda spreyi Serin ve hafif kokulu So\u011fuk Su, odan\u0131za tazelik ve canl\u0131l\u0131k hissi verir. \u00e7evre getiriyor Bu esansiyel ya\u011f, s\u0131cak mevsimlerde kullan\u0131ma olduk\u00e7a uygundur ve bir\u00e7ok ortamda kullan\u0131labilir.<\/p>\n","protected":false},"featured_media":1265,"comment_status":"open","ping_status":"closed","template":"","meta":{"_acf_changed":false},"product_brand":[],"product_cat":[88,72,95,80,87,155,64,71],"product_tag":[],"class_list":{"0":"post-1399","1":"product","2":"type-product","3":"status-publish","4":"has-post-thumbnail","6":"product_cat-doga","7":"product_cat-ev-spreyleri","8":"product_cat-fantezi","9":"product_cat-genel-koku-gidericiler","10":"product_cat-koku","11":"product_cat-oda-spreyi-120-ml","12":"product_cat-oda-spreyleri","13":"product_cat-ofis-ve-ticari-spreyler","15":"first","16":"instock","17":"shipping-taxable","18":"product-type-simple"},"acf":[],"_links":{"self":[{"href":"https:\/\/rozitogroup.com\/tr\/wp-json\/wp\/v2\/product\/1399","targetHints":{"allow":["GET"]}}],"collection":[{"href":"https:\/\/rozitogroup.com\/tr\/wp-json\/wp\/v2\/product"}],"about":[{"href":"https:\/\/rozitogroup.com\/tr\/wp-json\/wp\/v2\/types\/product"}],"replies":[{"embeddable":true,"href":"https:\/\/rozitogroup.com\/tr\/wp-json\/wp\/v2\/comments?post=1399"}],"version-history":[{"count":0,"href":"https:\/\/rozitogroup.com\/tr\/wp-json\/wp\/v2\/product\/1399\/revisions"}],"wp:featuredmedia":[{"embeddable":true,"href":"https:\/\/rozitogroup.com\/tr\/wp-json\/wp\/v2\/media\/1265"}],"wp:attachment":[{"href":"https:\/\/rozitogroup.com\/tr\/wp-json\/wp\/v2\/media?parent=1399"}],"wp:term":[{"taxonomy":"product_brand","embeddable":true,"href":"https:\/\/rozitogroup.com\/tr\/wp-json\/wp\/v2\/product_brand?post=1399"},{"taxonomy":"product_cat","embeddable":true,"href":"https:\/\/rozitogroup.com\/tr\/wp-json\/wp\/v2\/product_cat?post=1399"},{"taxonomy":"product_tag","embeddable":true,"href":"https:\/\/rozitogroup.com\/tr\/wp-json\/wp\/v2\/product_tag?post=1399"}],"curies":[{"name":"wp","href":"https:\/\/api.w.org\/{rel}","templated":true}]}}