{"id":1398,"date":"2023-11-02T21:37:07","date_gmt":"2023-11-02T18:07:07","guid":{"rendered":"https:\/\/rozitogroup.com\/product\/akasya-cicegi-kokulu-oda-spreyi\/"},"modified":"2024-01-10T21:01:05","modified_gmt":"2024-01-10T17:31:05","slug":"akasya-cicegi-kokulu-oda-spreyi","status":"publish","type":"product","link":"https:\/\/rozitogroup.com\/tr\/urun\/akasya-cicegi-kokulu-oda-spreyi\/","title":{"rendered":"Akasya \u00e7i\u00e7e\u011fi kokulu oda spreyi"},"content":{"rendered":"<h2 dir=\"ltr\" style=\"text-align: left;\">Akasya \u00e7i\u00e7e\u011fi kokulu oda spreyi<\/h2>\n<ul dir=\"ltr\" style=\"text-align: left;\">\n<li>120 ml esansiyel ya\u011f<\/li>\n<li>\u00c7i\u00e7ek ve aromatik bitki kokusuna sahiptir<\/li>\n<li>Yatak odalar\u0131, oteller, i\u015fyerleri i\u00e7in uygundur<\/li>\n<li>Rahatlat\u0131c\u0131, canland\u0131r\u0131c\u0131<\/li>\n<\/ul>\n<p dir=\"ltr\" style=\"text-align: left;\">Koku <a href=\"https:\/\/rozitogroup.com\/product-category\/%d8%ae%d9%88%d8%b4%d8%a8%d9%88%da%a9%d9%86%d9%86 %d8%af%d9%87-%d9%87%d8%a7\/\"><span style=\"color: #ff6600;\"><strong>kokulu<\/strong><\/span><\/a> \u00e7i\u00e7ekler Akasya Ho\u015f bir kokuya sahiptir ve bir odada, \u00e7al\u0131\u015fma ortam\u0131nda, otelde, resepsiyonda, konferans salonunda vb. parf\u00fcm yapmak ve rahatlat\u0131c\u0131 bir atmosfer yaratmak i\u00e7in uygundur. Evi \u00f6zel kokumuzla s\u00fcsleyebilir, sevdiklerimize huzurlu bir ortam yaratabiliriz.<\/p>\n","protected":false},"excerpt":{"rendered":"<p>Akasya \u00e7i\u00e7e\u011fi kokulu oda spreyi 120 ml esansiyel ya\u011f \u00c7i\u00e7ek ve aromatik bitki kokusuna sahiptir Yatak odalar\u0131, oteller, i\u015fyerleri i\u00e7in uygundur Rahatlat\u0131c\u0131, canland\u0131r\u0131c\u0131 Koku kokulu \u00e7i\u00e7ekler Akasya Ho\u015f bir kokuya sahiptir ve bir odada, \u00e7al\u0131\u015fma ortam\u0131nda, otelde, resepsiyonda, konferans salonunda vb. parf\u00fcm yapmak ve rahatlat\u0131c\u0131 bir atmosfer yaratmak i\u00e7in uygundur. Evi \u00f6zel kokumuzla s\u00fcsleyebilir, sevdiklerimize [&hellip;]<\/p>\n","protected":false},"featured_media":1245,"comment_status":"open","ping_status":"closed","template":"","meta":{"_acf_changed":false},"product_brand":[],"product_cat":[103,72,87,155,64,71],"product_tag":[],"class_list":{"0":"post-1398","1":"product","2":"type-product","3":"status-publish","4":"has-post-thumbnail","6":"product_cat-cicekler-ve-bitkiler","7":"product_cat-ev-spreyleri","8":"product_cat-koku","9":"product_cat-oda-spreyi-120-ml","10":"product_cat-oda-spreyleri","11":"product_cat-ofis-ve-ticari-spreyler","13":"first","14":"instock","15":"shipping-taxable","16":"product-type-simple"},"acf":[],"_links":{"self":[{"href":"https:\/\/rozitogroup.com\/tr\/wp-json\/wp\/v2\/product\/1398","targetHints":{"allow":["GET"]}}],"collection":[{"href":"https:\/\/rozitogroup.com\/tr\/wp-json\/wp\/v2\/product"}],"about":[{"href":"https:\/\/rozitogroup.com\/tr\/wp-json\/wp\/v2\/types\/product"}],"replies":[{"embeddable":true,"href":"https:\/\/rozitogroup.com\/tr\/wp-json\/wp\/v2\/comments?post=1398"}],"version-history":[{"count":0,"href":"https:\/\/rozitogroup.com\/tr\/wp-json\/wp\/v2\/product\/1398\/revisions"}],"wp:featuredmedia":[{"embeddable":true,"href":"https:\/\/rozitogroup.com\/tr\/wp-json\/wp\/v2\/media\/1245"}],"wp:attachment":[{"href":"https:\/\/rozitogroup.com\/tr\/wp-json\/wp\/v2\/media?parent=1398"}],"wp:term":[{"taxonomy":"product_brand","embeddable":true,"href":"https:\/\/rozitogroup.com\/tr\/wp-json\/wp\/v2\/product_brand?post=1398"},{"taxonomy":"product_cat","embeddable":true,"href":"https:\/\/rozitogroup.com\/tr\/wp-json\/wp\/v2\/product_cat?post=1398"},{"taxonomy":"product_tag","embeddable":true,"href":"https:\/\/rozitogroup.com\/tr\/wp-json\/wp\/v2\/product_tag?post=1398"}],"curies":[{"name":"wp","href":"https:\/\/api.w.org\/{rel}","templated":true}]}}