{"id":1391,"date":"2023-11-02T21:28:51","date_gmt":"2023-11-02T17:58:51","guid":{"rendered":"https:\/\/rozitogroup.com\/product\/afrika-mango-kokulu-oda-spreyi\/"},"modified":"2024-01-10T21:01:05","modified_gmt":"2024-01-10T17:31:05","slug":"afrika-mango-kokulu-oda-spreyi","status":"publish","type":"product","link":"https:\/\/rozitogroup.com\/tr\/urun\/afrika-mango-kokulu-oda-spreyi\/","title":{"rendered":"Afrika mango kokulu oda spreyi"},"content":{"rendered":"<h2>Afrika mango kokulu oda spreyi<\/h2>\n<ul>\n<li>\n<li>120 ml esansiyel ya\u011f<\/li>\n<li>Hafif, tatl\u0131 ve s\u0131cak bir aromas\u0131 vard\u0131r<\/li>\n<li>\u0130\u015f yerinde, evde ve araban\u0131n i\u00e7inde banyo ve toplant\u0131 odas\u0131 i\u00e7in uygundur<\/li>\n<li>Canland\u0131r\u0131c\u0131 ve aromaterapi<\/li>\n<\/ul>\n<p><strong><span style=\"color: #ff6600;\">Afrika mangolu oda spreyi<\/span><\/strong> mutfak, resepsiyon, tuvalet, banyo ve hatta ma\u011fazalar, ofisler ve ofisler gibi ortamlarda kullan\u0131labilir. kullanmak <a href=\"https:\/\/rozitogroup.com\/product-category\/%d8%ae%d9%88%d8%b4%d8%a8%d9%88%da%a9%d9%86%d9%86% d8%af%d9%87-%d9%87%d8%a7\/\"><strong>kokulu<\/strong><\/a> Afrika mangosu, g\u00fcnl\u00fck ya\u015famda sinirleri gev\u015fetmede ve zihinsel huzuru sa\u011flamada b\u00fcy\u00fck rol oynar.<\/p>\n","protected":false},"excerpt":{"rendered":"<p>Afrika mango kokulu oda spreyi 120 ml esansiyel ya\u011f Hafif, tatl\u0131 ve s\u0131cak bir aromas\u0131 vard\u0131r \u0130\u015f yerinde, evde ve araban\u0131n i\u00e7inde banyo ve toplant\u0131 odas\u0131 i\u00e7in uygundur Canland\u0131r\u0131c\u0131 ve aromaterapi Afrika mangolu oda spreyi mutfak, resepsiyon, tuvalet, banyo ve hatta ma\u011fazalar, ofisler ve ofisler gibi ortamlarda kullan\u0131labilir. kullanmak kokulu Afrika mangosu, g\u00fcnl\u00fck ya\u015famda sinirleri [&hellip;]<\/p>\n","protected":false},"featured_media":1255,"comment_status":"open","ping_status":"closed","template":"","meta":{"_acf_changed":false},"product_brand":[],"product_cat":[72,87,96,155,64,71],"product_tag":[],"class_list":{"0":"post-1391","1":"product","2":"type-product","3":"status-publish","4":"has-post-thumbnail","6":"product_cat-ev-spreyleri","7":"product_cat-koku","8":"product_cat-meyve","9":"product_cat-oda-spreyi-120-ml","10":"product_cat-oda-spreyleri","11":"product_cat-ofis-ve-ticari-spreyler","13":"first","14":"instock","15":"shipping-taxable","16":"product-type-simple"},"acf":[],"_links":{"self":[{"href":"https:\/\/rozitogroup.com\/tr\/wp-json\/wp\/v2\/product\/1391","targetHints":{"allow":["GET"]}}],"collection":[{"href":"https:\/\/rozitogroup.com\/tr\/wp-json\/wp\/v2\/product"}],"about":[{"href":"https:\/\/rozitogroup.com\/tr\/wp-json\/wp\/v2\/types\/product"}],"replies":[{"embeddable":true,"href":"https:\/\/rozitogroup.com\/tr\/wp-json\/wp\/v2\/comments?post=1391"}],"version-history":[{"count":0,"href":"https:\/\/rozitogroup.com\/tr\/wp-json\/wp\/v2\/product\/1391\/revisions"}],"wp:featuredmedia":[{"embeddable":true,"href":"https:\/\/rozitogroup.com\/tr\/wp-json\/wp\/v2\/media\/1255"}],"wp:attachment":[{"href":"https:\/\/rozitogroup.com\/tr\/wp-json\/wp\/v2\/media?parent=1391"}],"wp:term":[{"taxonomy":"product_brand","embeddable":true,"href":"https:\/\/rozitogroup.com\/tr\/wp-json\/wp\/v2\/product_brand?post=1391"},{"taxonomy":"product_cat","embeddable":true,"href":"https:\/\/rozitogroup.com\/tr\/wp-json\/wp\/v2\/product_cat?post=1391"},{"taxonomy":"product_tag","embeddable":true,"href":"https:\/\/rozitogroup.com\/tr\/wp-json\/wp\/v2\/product_tag?post=1391"}],"curies":[{"name":"wp","href":"https:\/\/api.w.org\/{rel}","templated":true}]}}