{"id":3524,"date":"2024-09-19T20:24:39","date_gmt":"2024-09-19T15:54:39","guid":{"rendered":"https:\/\/new.rozitogroup.com\/naber\/"},"modified":"2024-09-24T08:21:58","modified_gmt":"2024-09-24T04:51:58","slug":"naber","status":"publish","type":"page","link":"https:\/\/rozitogroup.com\/tr\/naber\/","title":{"rendered":"Naber"},"content":{"rendered":"<h2 dir=\"ltr\">Rozito<\/h2>\n<p dir=\"ltr\">Rozito, d\u00fc\u015f\u00fcnce ve teknolojiyi birle\u015ftirerek, her g\u00fcn bir ekip \u00e7al\u0131\u015fmas\u0131yla yeni ve farkl\u0131 fikirleri deneyimleyerek bu fikirleri ger\u00e7e\u011fe d\u00f6n\u00fc\u015ft\u00fcr\u00fcyor ve bilgiye dayal\u0131 faaliyetler \u00e7er\u00e7evesinde merkezi ara\u015ft\u0131rmalarla fizi\u011fini olu\u015fturuyor. Sa\u011fl\u0131k ve hijyen alan\u0131nda tazeli\u011fi, g\u00fczelli\u011fi, hassasiyeti, temizli\u011fi ve safl\u0131\u011f\u0131 t\u00fcketicilerle bulu\u015fturuyoruz.<\/p>\n<h2 dir=\"ltr\">\u00a0Rozito&#8217;nun itibar\u0131 sizin g\u00fcveninizdir<\/h2>\n<p dir=\"ltr\">Rozito grup, yapay zekadan yararlanarak ve b\u00f6lgesel co\u011frafyaya g\u00f6re farkl\u0131 zevklere y\u00f6nelik t\u00fcketicileri memnun etmeyi ama\u00e7layan farkl\u0131 ve do\u011fal kokular yarat\u0131yor.<br \/>\nEv, i\u015f yeri, dinlenme, araba, tatil ve v\u00fccudunuzu her zaman g\u00fczelle\u015ftirir. ve k\u0131yafetlerin taze ve ho\u015f kokulu olmas\u0131.<br \/>\nElbette Rozito, parf\u00fcm, kolonya ve el yap\u0131m\u0131 sprey \u00e7e\u015fitlerini m\u00fc\u015fterilerin zevkine ve sipari\u015fine g\u00f6re, en k\u0131sa s\u00fcrede ve herkes i\u00e7in en iyi form\u00fclle \u00fcreterek bir ad\u0131m daha att\u0131. vesilelerle. ad\u0131n\u0131z\u0131n yaz\u0131l\u0131 oldu\u011fu VIP paketler halinde \u00fcretip sunar.<\/p>\n<p>&lt;center&gt;<\/p>\n<div style=\"width: 1280px;\" class=\"wp-video\"><video class=\"wp-video-shortcode\" id=\"video-3524-1\" width=\"1280\" height=\"720\" poster=\"https:\/\/rozitogroup.com\/wp-content\/uploads\/2024\/09\/LOGO-TYPE-BANNER-4.webp\" autoplay preload=\"metadata\" controls=\"controls\"><source type=\"video\/mp4\" src=\"https:\/\/rozitogroup.com\/wp-content\/uploads\/2024\/09\/rozito.mp4?_=1\" \/><a href=\"https:\/\/rozitogroup.com\/wp-content\/uploads\/2024\/09\/rozito.mp4\">https:\/\/rozitogroup.com\/wp-content\/uploads\/2024\/09\/rozito.mp4<\/a><\/video><\/div>\n<p>&amp;nbsp;<\/p>\n<p>&lt;\/center&gt;<\/p>\n<p>&nbsp;<\/p>\n<h2 dir=\"ltr\">Temsil<\/h2>\n<p dir=\"ltr\">Rozito \u015firketi, sat\u0131\u015f \u00e7emberini tamamlamak i\u00e7in siz de\u011ferli dostlar\u0131m\u0131za cazip ko\u015fullar sa\u011flad\u0131.<\/p>\n<p dir=\"ltr\">Ajans almak, ba\u015far\u0131l\u0131 bir i\u015f arayanlar i\u00e7in cazip bir f\u0131rsatt\u0131r. Mal satma, m\u00fc\u015fteri \u00e7ekme ve pazarlama konusunda gerekli yetene\u011fe sahipseniz, sat\u0131\u015flar\u0131n\u0131zdan kesinlikle keyif alacaks\u0131n\u0131z. D\u00fcnyan\u0131n her yerinde resmi temsilcimiz olabilirsiniz.<\/p>\n<p dir=\"ltr\">Rozito k\u00fcresel bir ba\u015far\u0131d\u0131r ve amac\u0131m\u0131z hayat\u0131n g\u00fczel kokusunu insanlar\u0131n hayatlar\u0131na yaymakt\u0131r.<\/p>\n<p dir=\"ltr\">\n","protected":false},"excerpt":{"rendered":"<p>Rozito Rozito, d\u00fc\u015f\u00fcnce ve teknolojiyi birle\u015ftirerek, her g\u00fcn bir ekip \u00e7al\u0131\u015fmas\u0131yla yeni ve farkl\u0131 fikirleri deneyimleyerek bu fikirleri ger\u00e7e\u011fe d\u00f6n\u00fc\u015ft\u00fcr\u00fcyor ve bilgiye dayal\u0131 faaliyetler \u00e7er\u00e7evesinde merkezi ara\u015ft\u0131rmalarla fizi\u011fini olu\u015fturuyor. Sa\u011fl\u0131k ve hijyen alan\u0131nda tazeli\u011fi, g\u00fczelli\u011fi, hassasiyeti, temizli\u011fi ve safl\u0131\u011f\u0131 t\u00fcketicilerle bulu\u015fturuyoruz. \u00a0Rozito&#8217;nun itibar\u0131 sizin g\u00fcveninizdir Rozito grup, yapay zekadan yararlanarak ve b\u00f6lgesel co\u011frafyaya g\u00f6re farkl\u0131 [&hellip;]<\/p>\n","protected":false},"author":1,"featured_media":0,"parent":0,"menu_order":0,"comment_status":"closed","ping_status":"closed","template":"","meta":{"_acf_changed":false,"footnotes":""},"class_list":["post-3524","page","type-page","status-publish","hentry"],"acf":[],"_links":{"self":[{"href":"https:\/\/rozitogroup.com\/tr\/wp-json\/wp\/v2\/pages\/3524","targetHints":{"allow":["GET"]}}],"collection":[{"href":"https:\/\/rozitogroup.com\/tr\/wp-json\/wp\/v2\/pages"}],"about":[{"href":"https:\/\/rozitogroup.com\/tr\/wp-json\/wp\/v2\/types\/page"}],"author":[{"embeddable":true,"href":"https:\/\/rozitogroup.com\/tr\/wp-json\/wp\/v2\/users\/1"}],"replies":[{"embeddable":true,"href":"https:\/\/rozitogroup.com\/tr\/wp-json\/wp\/v2\/comments?post=3524"}],"version-history":[{"count":1,"href":"https:\/\/rozitogroup.com\/tr\/wp-json\/wp\/v2\/pages\/3524\/revisions"}],"predecessor-version":[{"id":3798,"href":"https:\/\/rozitogroup.com\/tr\/wp-json\/wp\/v2\/pages\/3524\/revisions\/3798"}],"wp:attachment":[{"href":"https:\/\/rozitogroup.com\/tr\/wp-json\/wp\/v2\/media?parent=3524"}],"curies":[{"name":"wp","href":"https:\/\/api.w.org\/{rel}","templated":true}]}}