{"id":3458,"date":"2024-09-10T18:04:07","date_gmt":"2024-09-10T14:34:07","guid":{"rendered":"https:\/\/new.rozitogroup.com\/parfum-ve-kolonya\/"},"modified":"2024-11-12T13:49:44","modified_gmt":"2024-11-12T10:19:44","slug":"parfum-ve-kolonya","status":"publish","type":"page","link":"https:\/\/rozitogroup.com\/tr\/parfum-ve-kolonya\/","title":{"rendered":"Parf\u00fcm ve kolonya"},"content":{"rendered":"\t\t<div data-elementor-type=\"wp-page\" data-elementor-id=\"3458\" class=\"elementor elementor-3458 elementor-3370\" data-elementor-settings=\"{&quot;element_pack_global_tooltip_width&quot;:{&quot;unit&quot;:&quot;px&quot;,&quot;size&quot;:&quot;&quot;,&quot;sizes&quot;:[]},&quot;element_pack_global_tooltip_width_tablet&quot;:{&quot;unit&quot;:&quot;px&quot;,&quot;size&quot;:&quot;&quot;,&quot;sizes&quot;:[]},&quot;element_pack_global_tooltip_width_mobile&quot;:{&quot;unit&quot;:&quot;px&quot;,&quot;size&quot;:&quot;&quot;,&quot;sizes&quot;:[]},&quot;element_pack_global_tooltip_padding&quot;:{&quot;unit&quot;:&quot;px&quot;,&quot;top&quot;:&quot;&quot;,&quot;right&quot;:&quot;&quot;,&quot;bottom&quot;:&quot;&quot;,&quot;left&quot;:&quot;&quot;,&quot;isLinked&quot;:true},&quot;element_pack_global_tooltip_padding_tablet&quot;:{&quot;unit&quot;:&quot;px&quot;,&quot;top&quot;:&quot;&quot;,&quot;right&quot;:&quot;&quot;,&quot;bottom&quot;:&quot;&quot;,&quot;left&quot;:&quot;&quot;,&quot;isLinked&quot;:true},&quot;element_pack_global_tooltip_padding_mobile&quot;:{&quot;unit&quot;:&quot;px&quot;,&quot;top&quot;:&quot;&quot;,&quot;right&quot;:&quot;&quot;,&quot;bottom&quot;:&quot;&quot;,&quot;left&quot;:&quot;&quot;,&quot;isLinked&quot;:true},&quot;element_pack_global_tooltip_border_radius&quot;:{&quot;unit&quot;:&quot;px&quot;,&quot;top&quot;:&quot;&quot;,&quot;right&quot;:&quot;&quot;,&quot;bottom&quot;:&quot;&quot;,&quot;left&quot;:&quot;&quot;,&quot;isLinked&quot;:true},&quot;element_pack_global_tooltip_border_radius_tablet&quot;:{&quot;unit&quot;:&quot;px&quot;,&quot;top&quot;:&quot;&quot;,&quot;right&quot;:&quot;&quot;,&quot;bottom&quot;:&quot;&quot;,&quot;left&quot;:&quot;&quot;,&quot;isLinked&quot;:true},&quot;element_pack_global_tooltip_border_radius_mobile&quot;:{&quot;unit&quot;:&quot;px&quot;,&quot;top&quot;:&quot;&quot;,&quot;right&quot;:&quot;&quot;,&quot;bottom&quot;:&quot;&quot;,&quot;left&quot;:&quot;&quot;,&quot;isLinked&quot;:true}}\" data-elementor-post-type=\"page\">\n\t\t\t\t<div class=\"elementor-element elementor-element-027cb76 e-flex e-con-boxed e-con e-parent\" data-id=\"027cb76\" data-element_type=\"container\">\n\t\t\t\t\t<div class=\"e-con-inner\">\n\t\t<div class=\"elementor-element elementor-element-0245401 e-con-full e-flex e-con e-child\" data-id=\"0245401\" data-element_type=\"container\">\n\t\t\t\t<div class=\"elementor-element elementor-element-18ee1a5 elementor-widget elementor-widget-heading\" data-id=\"18ee1a5\" data-element_type=\"widget\" data-widget_type=\"heading.default\">\n\t\t\t\t\t<h2 class=\"elementor-heading-title elementor-size-default\">Parf\u00fcm ve kolonya<\/h2>\t\t\t\t<\/div>\n\t\t\t\t<div class=\"elementor-element elementor-element-cc3d80b elementor-widget elementor-widget-text-editor\" data-id=\"cc3d80b\" data-element_type=\"widget\" data-widget_type=\"text-editor.default\">\n\t\t\t\t\t\t\t\t\t<p dir=\"ltr\" style=\"text-align: left;\" data-sourcepos=\"20:1-20:102\">Parf\u00fcm ve kolonya sadece bir koku de\u011fil, ayn\u0131 zamanda ki\u015fili\u011finizin bir par\u00e7as\u0131d\u0131r. Her parf\u00fcm kokusu, duygular\u0131n\u0131z ve \u00f6zellikleriniz hakk\u0131nda ba\u015fkalar\u0131na bir mesaj iletir. Hem zevkinize uygun hem de kal\u0131c\u0131 bir parf\u00fcm ar\u0131yorsan\u0131z, <strong>Rozito<\/strong> sizi bu yolculukta yaln\u0131z b\u0131rakmaz.<\/p>\n<p dir=\"ltr\" style=\"text-align: left;\" data-sourcepos=\"22:1-23:165\"><strong>Neden parf\u00fcm se\u00e7imi \u00f6nemlidir?<\/strong><\/p>\n<p dir=\"ltr\" style=\"text-align: left;\" data-sourcepos=\"22:1-23:165\">Parf\u00fcmler, ba\u015fkalar\u0131n\u0131n sizin hakk\u0131n\u0131zdaki duygular\u0131n\u0131 ve alg\u0131lar\u0131n\u0131 do\u011frudan etkiler. \u00d6zel bir parf\u00fcm, \u00f6zg\u00fcveninizi art\u0131rabilir ve size daha \u00e7ekici hissettirebilir.<\/p>\n<p dir=\"ltr\" style=\"text-align: left;\" data-sourcepos=\"25:1-25:99\">Biz Rozito&#8217;da, d\u00fcnyan\u0131n en iyi ve en yeni parf\u00fcmlerini size sunmak i\u00e7in \u00f6zenle se\u00e7ilmi\u015f bir koleksiyona sahibiz. Her parf\u00fcm, e\u015fsiz kokusu ve uzun s\u00fcre kal\u0131c\u0131l\u0131\u011f\u0131 ile sizi keyif ve duygu dolu bir d\u00fcnyaya g\u00f6t\u00fcr\u00fcr.<\/p>\n\t\t\t\t\t\t\t\t<\/div>\n\t\t\t\t<\/div>\n\t\t<div class=\"elementor-element elementor-element-47cd976 e-con-full e-flex e-con e-child\" data-id=\"47cd976\" data-element_type=\"container\">\n\t\t\t\t<div class=\"elementor-element elementor-element-a59f6dd dce_masking-none elementor-widget elementor-widget-image\" data-id=\"a59f6dd\" data-element_type=\"widget\" data-settings=\"{&quot;_animation&quot;:&quot;none&quot;}\" data-widget_type=\"image.default\">\n\t\t\t\t\t\t\t\t\t\t\t\t\t\t\t<img fetchpriority=\"high\" decoding=\"async\" width=\"626\" height=\"626\" src=\"https:\/\/rozitogroup.com\/wp-content\/uploads\/2024\/09\/perfume-1.webp\" class=\"attachment-large size-large wp-image-3556\" alt=\"\" srcset=\"https:\/\/rozitogroup.com\/wp-content\/uploads\/2024\/09\/perfume-1.webp 626w, https:\/\/rozitogroup.com\/wp-content\/uploads\/2024\/09\/perfume-1-300x300.webp 300w, https:\/\/rozitogroup.com\/wp-content\/uploads\/2024\/09\/perfume-1-150x150.webp 150w, https:\/\/rozitogroup.com\/wp-content\/uploads\/2024\/09\/perfume-1-600x600.webp 600w, https:\/\/rozitogroup.com\/wp-content\/uploads\/2024\/09\/perfume-1-100x100.webp 100w\" sizes=\"(max-width: 626px) 100vw, 626px\" \/>\t\t\t\t\t\t\t\t\t\t\t\t\t\t\t<\/div>\n\t\t\t\t<\/div>\n\t\t\t\t\t<\/div>\n\t\t\t\t<\/div>\n\t\t<div class=\"elementor-element elementor-element-f400de2 e-con-full e-flex e-con e-parent\" data-id=\"f400de2\" data-element_type=\"container\" data-settings=\"{&quot;background_background&quot;:&quot;classic&quot;}\">\n\t\t\t\t<div class=\"elementor-element elementor-element-314eaab elementor-widget elementor-widget-heading\" data-id=\"314eaab\" data-element_type=\"widget\" data-widget_type=\"heading.default\">\n\t\t\t\t\t<h2 class=\"elementor-heading-title elementor-size-default\">Rozito parf\u00fcm ve kolonya \u00fcr\u00fcnleri<\/h2>\t\t\t\t<\/div>\n\t\t\t\t<div class=\"elementor-element elementor-element-e8703de elementor-widget elementor-widget-bdt-wc-products\" data-id=\"e8703de\" data-element_type=\"widget\" data-widget_type=\"bdt-wc-products.default\">\n\t\t\t\t\t\t\t<div class=\"bdt-wc-products bdt-wc-products-skin-default\" data-settings=\"{&quot;posts_source&quot;:&quot;product&quot;,&quot;posts_per_page&quot;:10,&quot;ajax_item_load&quot;:4,&quot;posts_select_date&quot;:&quot;anytime&quot;,&quot;posts_orderby&quot;:&quot;date&quot;,&quot;posts_order&quot;:&quot;desc&quot;,&quot;show_badge&quot;:&quot;yes&quot;,&quot;show_title&quot;:&quot;yes&quot;,&quot;title_tags&quot;:&quot;h2&quot;,&quot;show_rating&quot;:&quot;yes&quot;,&quot;show_price&quot;:&quot;yes&quot;,&quot;paged&quot;:1,&quot;nonce&quot;:&quot;02bfdfe16b&quot;}\">\n\n\t\t\t\t\t\t<div data-bdt-grid=\"\" class=\"bdt-wc-products-wrapper bdt-grid bdt-grid-medium bdt-child-width-1-5@m bdt-child-width-1-2@s bdt-child-width-1-1\" id=\"bdt-wc-product-e8703de\">\n\t\t\t\t\n\t\t\t\t\t\n\t\t\t\t\t<div class=\"bdt-wc-product\">\n\t\t\t\t\t\t<div class=\"bdt-wc-product-inner\">\n\n\t\t\t\t\t\t\t\n\t\t\t\t\t\t\t\t\t<div class=\"bdt-wc-product-image bdt-position-relative bdt-background-cover\">\n\t\t\t<a href=\"https:\/\/rozitogroup.com\/tr\/urun\/rozito-parfum-kolonyasi-casamorati-mefis\/\">\n\t\t\t\t<img decoding=\"async\" src=\"https:\/\/rozitogroup.com\/wp-content\/uploads\/2024\/01\/8685532987092-768x1352.webp\"\n\t\t\t\t\talt=\"Rozito Parf\u00fcm Kolonyas\u0131 Casamorati Mefis\">\n\t\t\t<\/a>\n\n\t\t\t\t\t<\/div>\n\t\t\n\t\t\t\t\t\t\t\n\t\t\t\t\t\t\t<div class=\"bdt-wc-product-desc\">\n\t\t\t\t\t\t\t\t\t\t\t\t\t\t\t\t\t<h2\t\t\t\t\t\t\t\t\t\tclass=\"bdt-wc-product-title\">\n\t\t\t\t\t\t\t\t\t\t<a href=\"https:\/\/rozitogroup.com\/tr\/urun\/rozito-parfum-kolonyasi-casamorati-mefis\/\" class=\"bdt-link-reset\">\n\t\t\t\t\t\t\t\t\t\t\tRozito Parf\u00fcm Kolonyas\u0131 Casamorati Mefis\t\t\t\t\t\t\t\t\t\t<\/a>\n\t\t\t\t\t\t\t\t\t<\/h2>\n\t\t\t\t\t\t\t\t\n\t\t\t\t\t\t\t\t\t\t\t\t\t\t\t\t\t\t\t\t\t\t\t\t\t\t\t<div class=\"bdt-wc-product-price\">\n\t\t\t\t\t\t\t\t\t\t\t<p class=\"price\"><\/p>\n\t\t\t\t\t\t\t\t\t\t<\/div>\n\t\t\t\t\t\t\t\t\t\n\t\t\t\t\t\t\t\t\t\t\t\t\t\t\t\t\t\t\t<div class=\"bdt-wc-rating\">\n\t\t\t\t\t\t\t\t\t\t\t\t\t\t\t\t\t\t\t\t\t<\/div>\n\t\t\t\t\t\t\t\t\t\t\t\t\t\t\t\t\t\t\t\t\t\t\t\t<\/div>\n\n\t\t\t\t\t\t<\/div>\n\t\t\t\t\t<\/div>\n\t\t\t\t\n\t\t\t\t\t\n\t\t\t\t\t<div class=\"bdt-wc-product\">\n\t\t\t\t\t\t<div class=\"bdt-wc-product-inner\">\n\n\t\t\t\t\t\t\t\n\t\t\t\t\t\t\t\t\t<div class=\"bdt-wc-product-image bdt-position-relative bdt-background-cover\">\n\t\t\t<a href=\"https:\/\/rozitogroup.com\/tr\/urun\/rozito-parfum-kolonyasi-amouage-interlude\/\">\n\t\t\t\t<img decoding=\"async\" src=\"https:\/\/rozitogroup.com\/wp-content\/uploads\/2024\/01\/8685532987085-768x1352.webp\"\n\t\t\t\t\talt=\"Rozito Parf\u00fcm Kolonyas\u0131 Amouage interlude\">\n\t\t\t<\/a>\n\n\t\t\t\t\t<\/div>\n\t\t\n\t\t\t\t\t\t\t\n\t\t\t\t\t\t\t<div class=\"bdt-wc-product-desc\">\n\t\t\t\t\t\t\t\t\t\t\t\t\t\t\t\t\t<h2\t\t\t\t\t\t\t\t\t\tclass=\"bdt-wc-product-title\">\n\t\t\t\t\t\t\t\t\t\t<a href=\"https:\/\/rozitogroup.com\/tr\/urun\/rozito-parfum-kolonyasi-amouage-interlude\/\" class=\"bdt-link-reset\">\n\t\t\t\t\t\t\t\t\t\t\tRozito Parf\u00fcm Kolonyas\u0131 Amouage interlude\t\t\t\t\t\t\t\t\t\t<\/a>\n\t\t\t\t\t\t\t\t\t<\/h2>\n\t\t\t\t\t\t\t\t\n\t\t\t\t\t\t\t\t\t\t\t\t\t\t\t\t\t\t\t\t\t\t\t\t\t\t\t<div class=\"bdt-wc-product-price\">\n\t\t\t\t\t\t\t\t\t\t\t<p class=\"price\"><\/p>\n\t\t\t\t\t\t\t\t\t\t<\/div>\n\t\t\t\t\t\t\t\t\t\n\t\t\t\t\t\t\t\t\t\t\t\t\t\t\t\t\t\t\t<div class=\"bdt-wc-rating\">\n\t\t\t\t\t\t\t\t\t\t\t\t\t\t\t\t\t\t\t\t\t<\/div>\n\t\t\t\t\t\t\t\t\t\t\t\t\t\t\t\t\t\t\t\t\t\t\t\t<\/div>\n\n\t\t\t\t\t\t<\/div>\n\t\t\t\t\t<\/div>\n\t\t\t\t\n\t\t\t\t\t\n\t\t\t\t\t<div class=\"bdt-wc-product\">\n\t\t\t\t\t\t<div class=\"bdt-wc-product-inner\">\n\n\t\t\t\t\t\t\t\n\t\t\t\t\t\t\t\t\t<div class=\"bdt-wc-product-image bdt-position-relative bdt-background-cover\">\n\t\t\t<a href=\"https:\/\/rozitogroup.com\/tr\/urun\/rozito-parfum-kolonyasi-calvin-klein-euphoria-intense\/\">\n\t\t\t\t<img decoding=\"async\" src=\"https:\/\/rozitogroup.com\/wp-content\/uploads\/2024\/01\/8685532987016-768x1352.webp\"\n\t\t\t\t\talt=\"Rozito Parf\u00fcm Kolonyas\u0131 Calvin Klein Euphoria Intense\">\n\t\t\t<\/a>\n\n\t\t\t\t\t<\/div>\n\t\t\n\t\t\t\t\t\t\t\n\t\t\t\t\t\t\t<div class=\"bdt-wc-product-desc\">\n\t\t\t\t\t\t\t\t\t\t\t\t\t\t\t\t\t<h2\t\t\t\t\t\t\t\t\t\tclass=\"bdt-wc-product-title\">\n\t\t\t\t\t\t\t\t\t\t<a href=\"https:\/\/rozitogroup.com\/tr\/urun\/rozito-parfum-kolonyasi-calvin-klein-euphoria-intense\/\" class=\"bdt-link-reset\">\n\t\t\t\t\t\t\t\t\t\t\tRozito Parf\u00fcm Kolonyas\u0131 Calvin Klein Euphoria Intense\t\t\t\t\t\t\t\t\t\t<\/a>\n\t\t\t\t\t\t\t\t\t<\/h2>\n\t\t\t\t\t\t\t\t\n\t\t\t\t\t\t\t\t\t\t\t\t\t\t\t\t\t\t\t\t\t\t\t\t\t\t\t<div class=\"bdt-wc-product-price\">\n\t\t\t\t\t\t\t\t\t\t\t<p class=\"price\"><\/p>\n\t\t\t\t\t\t\t\t\t\t<\/div>\n\t\t\t\t\t\t\t\t\t\n\t\t\t\t\t\t\t\t\t\t\t\t\t\t\t\t\t\t\t<div class=\"bdt-wc-rating\">\n\t\t\t\t\t\t\t\t\t\t\t\t\t\t\t\t\t\t\t\t\t<\/div>\n\t\t\t\t\t\t\t\t\t\t\t\t\t\t\t\t\t\t\t\t\t\t\t\t<\/div>\n\n\t\t\t\t\t\t<\/div>\n\t\t\t\t\t<\/div>\n\t\t\t\t\n\t\t\t\t\t\n\t\t\t\t\t<div class=\"bdt-wc-product\">\n\t\t\t\t\t\t<div class=\"bdt-wc-product-inner\">\n\n\t\t\t\t\t\t\t\n\t\t\t\t\t\t\t\t\t<div class=\"bdt-wc-product-image bdt-position-relative bdt-background-cover\">\n\t\t\t<a href=\"https:\/\/rozitogroup.com\/tr\/urun\/rozito-parfum-kolonyasi-lancome-la-vie-est-belle\/\">\n\t\t\t\t<img decoding=\"async\" src=\"https:\/\/rozitogroup.com\/wp-content\/uploads\/2024\/01\/8685532987009-768x1352.webp\"\n\t\t\t\t\talt=\"Rozito Parf\u00fcm Kolonyas\u0131 Lancome La Vie Est Belle\">\n\t\t\t<\/a>\n\n\t\t\t\t\t<\/div>\n\t\t\n\t\t\t\t\t\t\t\n\t\t\t\t\t\t\t<div class=\"bdt-wc-product-desc\">\n\t\t\t\t\t\t\t\t\t\t\t\t\t\t\t\t\t<h2\t\t\t\t\t\t\t\t\t\tclass=\"bdt-wc-product-title\">\n\t\t\t\t\t\t\t\t\t\t<a href=\"https:\/\/rozitogroup.com\/tr\/urun\/rozito-parfum-kolonyasi-lancome-la-vie-est-belle\/\" class=\"bdt-link-reset\">\n\t\t\t\t\t\t\t\t\t\t\tRozito Parf\u00fcm Kolonyas\u0131 Lancome La Vie Est Belle\t\t\t\t\t\t\t\t\t\t<\/a>\n\t\t\t\t\t\t\t\t\t<\/h2>\n\t\t\t\t\t\t\t\t\n\t\t\t\t\t\t\t\t\t\t\t\t\t\t\t\t\t\t\t\t\t\t\t\t\t\t\t<div class=\"bdt-wc-product-price\">\n\t\t\t\t\t\t\t\t\t\t\t<p class=\"price\"><\/p>\n\t\t\t\t\t\t\t\t\t\t<\/div>\n\t\t\t\t\t\t\t\t\t\n\t\t\t\t\t\t\t\t\t\t\t\t\t\t\t\t\t\t\t<div class=\"bdt-wc-rating\">\n\t\t\t\t\t\t\t\t\t\t\t\t\t\t\t\t\t\t\t\t\t<\/div>\n\t\t\t\t\t\t\t\t\t\t\t\t\t\t\t\t\t\t\t\t\t\t\t\t<\/div>\n\n\t\t\t\t\t\t<\/div>\n\t\t\t\t\t<\/div>\n\t\t\t\t\n\t\t\t\t\t\n\t\t\t\t\t<div class=\"bdt-wc-product\">\n\t\t\t\t\t\t<div class=\"bdt-wc-product-inner\">\n\n\t\t\t\t\t\t\t\n\t\t\t\t\t\t\t\t\t<div class=\"bdt-wc-product-image bdt-position-relative bdt-background-cover\">\n\t\t\t<a href=\"https:\/\/rozitogroup.com\/tr\/urun\/rozito-parfum-kolonyasi-creed-love-in-white\/\">\n\t\t\t\t<img decoding=\"async\" src=\"https:\/\/rozitogroup.com\/wp-content\/uploads\/2024\/01\/8685532987030-768x1352.webp\"\n\t\t\t\t\talt=\"Rozito Parf\u00fcm Kolonyas\u0131 Creed love In White\">\n\t\t\t<\/a>\n\n\t\t\t\t\t<\/div>\n\t\t\n\t\t\t\t\t\t\t\n\t\t\t\t\t\t\t<div class=\"bdt-wc-product-desc\">\n\t\t\t\t\t\t\t\t\t\t\t\t\t\t\t\t\t<h2\t\t\t\t\t\t\t\t\t\tclass=\"bdt-wc-product-title\">\n\t\t\t\t\t\t\t\t\t\t<a href=\"https:\/\/rozitogroup.com\/tr\/urun\/rozito-parfum-kolonyasi-creed-love-in-white\/\" class=\"bdt-link-reset\">\n\t\t\t\t\t\t\t\t\t\t\tRozito Parf\u00fcm Kolonyas\u0131 Creed love In White\t\t\t\t\t\t\t\t\t\t<\/a>\n\t\t\t\t\t\t\t\t\t<\/h2>\n\t\t\t\t\t\t\t\t\n\t\t\t\t\t\t\t\t\t\t\t\t\t\t\t\t\t\t\t\t\t\t\t\t\t\t\t<div class=\"bdt-wc-product-price\">\n\t\t\t\t\t\t\t\t\t\t\t<p class=\"price\"><\/p>\n\t\t\t\t\t\t\t\t\t\t<\/div>\n\t\t\t\t\t\t\t\t\t\n\t\t\t\t\t\t\t\t\t\t\t\t\t\t\t\t\t\t\t<div class=\"bdt-wc-rating\">\n\t\t\t\t\t\t\t\t\t\t\t\t\t\t\t\t\t\t\t\t\t<\/div>\n\t\t\t\t\t\t\t\t\t\t\t\t\t\t\t\t\t\t\t\t\t\t\t\t<\/div>\n\n\t\t\t\t\t\t<\/div>\n\t\t\t\t\t<\/div>\n\t\t\t\t\n\t\t\t\t\t\n\t\t\t\t\t<div class=\"bdt-wc-product\">\n\t\t\t\t\t\t<div class=\"bdt-wc-product-inner\">\n\n\t\t\t\t\t\t\t\n\t\t\t\t\t\t\t\t\t<div class=\"bdt-wc-product-image bdt-position-relative bdt-background-cover\">\n\t\t\t<a href=\"https:\/\/rozitogroup.com\/tr\/urun\/rozito-parfum-kolonyasi-chanel-chance\/\">\n\t\t\t\t<img decoding=\"async\" src=\"https:\/\/rozitogroup.com\/wp-content\/uploads\/2024\/01\/8685532987047-768x1352.webp\"\n\t\t\t\t\talt=\"Rozito Parf\u00fcm Kolonyas\u0131 Chanel Chance\">\n\t\t\t<\/a>\n\n\t\t\t\t\t<\/div>\n\t\t\n\t\t\t\t\t\t\t\n\t\t\t\t\t\t\t<div class=\"bdt-wc-product-desc\">\n\t\t\t\t\t\t\t\t\t\t\t\t\t\t\t\t\t<h2\t\t\t\t\t\t\t\t\t\tclass=\"bdt-wc-product-title\">\n\t\t\t\t\t\t\t\t\t\t<a href=\"https:\/\/rozitogroup.com\/tr\/urun\/rozito-parfum-kolonyasi-chanel-chance\/\" class=\"bdt-link-reset\">\n\t\t\t\t\t\t\t\t\t\t\tRozito Parf\u00fcm Kolonyas\u0131 Chanel Chance\t\t\t\t\t\t\t\t\t\t<\/a>\n\t\t\t\t\t\t\t\t\t<\/h2>\n\t\t\t\t\t\t\t\t\n\t\t\t\t\t\t\t\t\t\t\t\t\t\t\t\t\t\t\t\t\t\t\t\t\t\t\t<div class=\"bdt-wc-product-price\">\n\t\t\t\t\t\t\t\t\t\t\t<p class=\"price\"><\/p>\n\t\t\t\t\t\t\t\t\t\t<\/div>\n\t\t\t\t\t\t\t\t\t\n\t\t\t\t\t\t\t\t\t\t\t\t\t\t\t\t\t\t\t<div class=\"bdt-wc-rating\">\n\t\t\t\t\t\t\t\t\t\t\t\t\t\t\t\t\t\t\t\t\t<\/div>\n\t\t\t\t\t\t\t\t\t\t\t\t\t\t\t\t\t\t\t\t\t\t\t\t<\/div>\n\n\t\t\t\t\t\t<\/div>\n\t\t\t\t\t<\/div>\n\t\t\t\t\n\t\t\t\t\t\n\t\t\t\t\t<div class=\"bdt-wc-product\">\n\t\t\t\t\t\t<div class=\"bdt-wc-product-inner\">\n\n\t\t\t\t\t\t\t\n\t\t\t\t\t\t\t\t\t<div class=\"bdt-wc-product-image bdt-position-relative bdt-background-cover\">\n\t\t\t<a href=\"https:\/\/rozitogroup.com\/tr\/urun\/rozito-parfum-kolonyasi-giorgio-armani-si-intense\/\">\n\t\t\t\t<img decoding=\"async\" src=\"https:\/\/rozitogroup.com\/wp-content\/uploads\/2024\/01\/8685532987023-768x1352.webp\"\n\t\t\t\t\talt=\"Rozito Parf\u00fcm Kolonyas\u0131 Giorgio Armani SI Intense\">\n\t\t\t<\/a>\n\n\t\t\t\t\t<\/div>\n\t\t\n\t\t\t\t\t\t\t\n\t\t\t\t\t\t\t<div class=\"bdt-wc-product-desc\">\n\t\t\t\t\t\t\t\t\t\t\t\t\t\t\t\t\t<h2\t\t\t\t\t\t\t\t\t\tclass=\"bdt-wc-product-title\">\n\t\t\t\t\t\t\t\t\t\t<a href=\"https:\/\/rozitogroup.com\/tr\/urun\/rozito-parfum-kolonyasi-giorgio-armani-si-intense\/\" class=\"bdt-link-reset\">\n\t\t\t\t\t\t\t\t\t\t\tRozito Parf\u00fcm Kolonyas\u0131 Giorgio Armani SI Intense\t\t\t\t\t\t\t\t\t\t<\/a>\n\t\t\t\t\t\t\t\t\t<\/h2>\n\t\t\t\t\t\t\t\t\n\t\t\t\t\t\t\t\t\t\t\t\t\t\t\t\t\t\t\t\t\t\t\t\t\t\t\t<div class=\"bdt-wc-product-price\">\n\t\t\t\t\t\t\t\t\t\t\t<p class=\"price\"><\/p>\n\t\t\t\t\t\t\t\t\t\t<\/div>\n\t\t\t\t\t\t\t\t\t\n\t\t\t\t\t\t\t\t\t\t\t\t\t\t\t\t\t\t\t<div class=\"bdt-wc-rating\">\n\t\t\t\t\t\t\t\t\t\t\t\t\t\t\t\t\t\t\t\t\t<\/div>\n\t\t\t\t\t\t\t\t\t\t\t\t\t\t\t\t\t\t\t\t\t\t\t\t<\/div>\n\n\t\t\t\t\t\t<\/div>\n\t\t\t\t\t<\/div>\n\t\t\t\t\n\t\t\t\t\t\n\t\t\t\t\t<div class=\"bdt-wc-product\">\n\t\t\t\t\t\t<div class=\"bdt-wc-product-inner\">\n\n\t\t\t\t\t\t\t\n\t\t\t\t\t\t\t\t\t<div class=\"bdt-wc-product-image bdt-position-relative bdt-background-cover\">\n\t\t\t<a href=\"https:\/\/rozitogroup.com\/tr\/urun\/rozito-parfum-kolonyasi-alien-thierry-mugler\/\">\n\t\t\t\t<img decoding=\"async\" src=\"https:\/\/rozitogroup.com\/wp-content\/uploads\/2024\/01\/8685532987054-768x1352.webp\"\n\t\t\t\t\talt=\"Rozito Parf\u00fcm Kolonyas\u0131 ALien Thierry Mugler\">\n\t\t\t<\/a>\n\n\t\t\t\t\t<\/div>\n\t\t\n\t\t\t\t\t\t\t\n\t\t\t\t\t\t\t<div class=\"bdt-wc-product-desc\">\n\t\t\t\t\t\t\t\t\t\t\t\t\t\t\t\t\t<h2\t\t\t\t\t\t\t\t\t\tclass=\"bdt-wc-product-title\">\n\t\t\t\t\t\t\t\t\t\t<a href=\"https:\/\/rozitogroup.com\/tr\/urun\/rozito-parfum-kolonyasi-alien-thierry-mugler\/\" class=\"bdt-link-reset\">\n\t\t\t\t\t\t\t\t\t\t\tRozito Parf\u00fcm Kolonyas\u0131 ALien Thierry Mugler\t\t\t\t\t\t\t\t\t\t<\/a>\n\t\t\t\t\t\t\t\t\t<\/h2>\n\t\t\t\t\t\t\t\t\n\t\t\t\t\t\t\t\t\t\t\t\t\t\t\t\t\t\t\t\t\t\t\t\t\t\t\t<div class=\"bdt-wc-product-price\">\n\t\t\t\t\t\t\t\t\t\t\t<p class=\"price\"><\/p>\n\t\t\t\t\t\t\t\t\t\t<\/div>\n\t\t\t\t\t\t\t\t\t\n\t\t\t\t\t\t\t\t\t\t\t\t\t\t\t\t\t\t\t<div class=\"bdt-wc-rating\">\n\t\t\t\t\t\t\t\t\t\t\t\t\t\t\t\t\t\t\t\t\t<\/div>\n\t\t\t\t\t\t\t\t\t\t\t\t\t\t\t\t\t\t\t\t\t\t\t\t<\/div>\n\n\t\t\t\t\t\t<\/div>\n\t\t\t\t\t<\/div>\n\t\t\t\t\n\t\t\t\t\t\n\t\t\t\t\t<div class=\"bdt-wc-product\">\n\t\t\t\t\t\t<div class=\"bdt-wc-product-inner\">\n\n\t\t\t\t\t\t\t\n\t\t\t\t\t\t\t\t\t<div class=\"bdt-wc-product-image bdt-position-relative bdt-background-cover\">\n\t\t\t<a href=\"https:\/\/rozitogroup.com\/tr\/urun\/rozito-parfum-kolonyasi-pegasus-parfums-de-marly\/\">\n\t\t\t\t<img decoding=\"async\" src=\"https:\/\/rozitogroup.com\/wp-content\/uploads\/2024\/01\/8685532987061-768x1352.webp\"\n\t\t\t\t\talt=\"Rozito Parf\u00fcm Kolonyas\u0131 Pegasus Parfums De Marly\">\n\t\t\t<\/a>\n\n\t\t\t\t\t<\/div>\n\t\t\n\t\t\t\t\t\t\t\n\t\t\t\t\t\t\t<div class=\"bdt-wc-product-desc\">\n\t\t\t\t\t\t\t\t\t\t\t\t\t\t\t\t\t<h2\t\t\t\t\t\t\t\t\t\tclass=\"bdt-wc-product-title\">\n\t\t\t\t\t\t\t\t\t\t<a href=\"https:\/\/rozitogroup.com\/tr\/urun\/rozito-parfum-kolonyasi-pegasus-parfums-de-marly\/\" class=\"bdt-link-reset\">\n\t\t\t\t\t\t\t\t\t\t\tRozito Parf\u00fcm Kolonyas\u0131 Pegasus Parfums De Marly\t\t\t\t\t\t\t\t\t\t<\/a>\n\t\t\t\t\t\t\t\t\t<\/h2>\n\t\t\t\t\t\t\t\t\n\t\t\t\t\t\t\t\t\t\t\t\t\t\t\t\t\t\t\t\t\t\t\t\t\t\t\t<div class=\"bdt-wc-product-price\">\n\t\t\t\t\t\t\t\t\t\t\t<p class=\"price\"><\/p>\n\t\t\t\t\t\t\t\t\t\t<\/div>\n\t\t\t\t\t\t\t\t\t\n\t\t\t\t\t\t\t\t\t\t\t\t\t\t\t\t\t\t\t<div class=\"bdt-wc-rating\">\n\t\t\t\t\t\t\t\t\t\t\t\t\t\t\t\t\t\t\t\t\t<\/div>\n\t\t\t\t\t\t\t\t\t\t\t\t\t\t\t\t\t\t\t\t\t\t\t\t<\/div>\n\n\t\t\t\t\t\t<\/div>\n\t\t\t\t\t<\/div>\n\t\t\t\t\n\t\t\t\t\t\n\t\t\t\t\t<div class=\"bdt-wc-product\">\n\t\t\t\t\t\t<div class=\"bdt-wc-product-inner\">\n\n\t\t\t\t\t\t\t\n\t\t\t\t\t\t\t\t\t<div class=\"bdt-wc-product-image bdt-position-relative bdt-background-cover\">\n\t\t\t<a href=\"https:\/\/rozitogroup.com\/tr\/urun\/rozito-parfum-kolonyasi-creed-aventus\/\">\n\t\t\t\t<img decoding=\"async\" src=\"https:\/\/rozitogroup.com\/wp-content\/uploads\/2024\/01\/8685532987078-768x1352.webp\"\n\t\t\t\t\talt=\"Rozito Parf\u00fcm Kolonyas\u0131 Creed Aventus\">\n\t\t\t<\/a>\n\n\t\t\t\t\t<\/div>\n\t\t\n\t\t\t\t\t\t\t\n\t\t\t\t\t\t\t<div class=\"bdt-wc-product-desc\">\n\t\t\t\t\t\t\t\t\t\t\t\t\t\t\t\t\t<h2\t\t\t\t\t\t\t\t\t\tclass=\"bdt-wc-product-title\">\n\t\t\t\t\t\t\t\t\t\t<a href=\"https:\/\/rozitogroup.com\/tr\/urun\/rozito-parfum-kolonyasi-creed-aventus\/\" class=\"bdt-link-reset\">\n\t\t\t\t\t\t\t\t\t\t\tRozito Parf\u00fcm Kolonyas\u0131 Creed Aventus\t\t\t\t\t\t\t\t\t\t<\/a>\n\t\t\t\t\t\t\t\t\t<\/h2>\n\t\t\t\t\t\t\t\t\n\t\t\t\t\t\t\t\t\t\t\t\t\t\t\t\t\t\t\t\t\t\t\t\t\t\t\t<div class=\"bdt-wc-product-price\">\n\t\t\t\t\t\t\t\t\t\t\t<p class=\"price\"><\/p>\n\t\t\t\t\t\t\t\t\t\t<\/div>\n\t\t\t\t\t\t\t\t\t\n\t\t\t\t\t\t\t\t\t\t\t\t\t\t\t\t\t\t\t<div class=\"bdt-wc-rating\">\n\t\t\t\t\t\t\t\t\t\t\t\t\t\t\t\t\t\t\t\t\t<\/div>\n\t\t\t\t\t\t\t\t\t\t\t\t\t\t\t\t\t\t\t\t\t\t\t\t<\/div>\n\n\t\t\t\t\t\t<\/div>\n\t\t\t\t\t<\/div>\n\t\t\t\t\t\t\t<\/div>\n\t\t\t\n\t\t<\/div>\n\t\t\t\t\t\t\t\t<\/div>\n\t\t\t\t<\/div>\n\t\t\t\t<\/div>\n\t\t","protected":false},"excerpt":{"rendered":"<p>Parf\u00fcm ve kolonya Parf\u00fcm ve kolonya sadece bir koku de\u011fil, ayn\u0131 zamanda ki\u015fili\u011finizin bir par\u00e7as\u0131d\u0131r. Her parf\u00fcm kokusu, duygular\u0131n\u0131z ve \u00f6zellikleriniz hakk\u0131nda ba\u015fkalar\u0131na bir mesaj iletir. Hem zevkinize uygun hem de kal\u0131c\u0131 bir parf\u00fcm ar\u0131yorsan\u0131z, Rozito sizi bu yolculukta yaln\u0131z b\u0131rakmaz. Neden parf\u00fcm se\u00e7imi \u00f6nemlidir? Parf\u00fcmler, ba\u015fkalar\u0131n\u0131n sizin hakk\u0131n\u0131zdaki duygular\u0131n\u0131 ve alg\u0131lar\u0131n\u0131 do\u011frudan etkiler. \u00d6zel [&hellip;]<\/p>\n","protected":false},"author":1,"featured_media":3392,"parent":0,"menu_order":0,"comment_status":"closed","ping_status":"closed","template":"","meta":{"_acf_changed":false,"footnotes":""},"class_list":["post-3458","page","type-page","status-publish","has-post-thumbnail","hentry"],"acf":[],"_links":{"self":[{"href":"https:\/\/rozitogroup.com\/tr\/wp-json\/wp\/v2\/pages\/3458","targetHints":{"allow":["GET"]}}],"collection":[{"href":"https:\/\/rozitogroup.com\/tr\/wp-json\/wp\/v2\/pages"}],"about":[{"href":"https:\/\/rozitogroup.com\/tr\/wp-json\/wp\/v2\/types\/page"}],"author":[{"embeddable":true,"href":"https:\/\/rozitogroup.com\/tr\/wp-json\/wp\/v2\/users\/1"}],"replies":[{"embeddable":true,"href":"https:\/\/rozitogroup.com\/tr\/wp-json\/wp\/v2\/comments?post=3458"}],"version-history":[{"count":5,"href":"https:\/\/rozitogroup.com\/tr\/wp-json\/wp\/v2\/pages\/3458\/revisions"}],"predecessor-version":[{"id":6552,"href":"https:\/\/rozitogroup.com\/tr\/wp-json\/wp\/v2\/pages\/3458\/revisions\/6552"}],"wp:featuredmedia":[{"embeddable":true,"href":"https:\/\/rozitogroup.com\/tr\/wp-json\/wp\/v2\/media\/3392"}],"wp:attachment":[{"href":"https:\/\/rozitogroup.com\/tr\/wp-json\/wp\/v2\/media?parent=3458"}],"curies":[{"name":"wp","href":"https:\/\/api.w.org\/{rel}","templated":true}]}}