{"id":3450,"date":"2024-09-10T17:51:03","date_gmt":"2024-09-10T13:21:03","guid":{"rendered":"https:\/\/new.rozitogroup.com\/deodorant-150-ml-luks\/"},"modified":"2024-09-30T13:28:03","modified_gmt":"2024-09-30T09:58:03","slug":"deodorant-150-ml-luks","status":"publish","type":"page","link":"https:\/\/rozitogroup.com\/tr\/deodorant-150-ml-luks\/","title":{"rendered":"Oda spreyi 150 ml L\u00fcks"},"content":{"rendered":"\t\t<div data-elementor-type=\"wp-page\" data-elementor-id=\"3450\" class=\"elementor elementor-3450 elementor-3354\" data-elementor-settings=\"{&quot;element_pack_global_tooltip_width&quot;:{&quot;unit&quot;:&quot;px&quot;,&quot;size&quot;:&quot;&quot;,&quot;sizes&quot;:[]},&quot;element_pack_global_tooltip_width_tablet&quot;:{&quot;unit&quot;:&quot;px&quot;,&quot;size&quot;:&quot;&quot;,&quot;sizes&quot;:[]},&quot;element_pack_global_tooltip_width_mobile&quot;:{&quot;unit&quot;:&quot;px&quot;,&quot;size&quot;:&quot;&quot;,&quot;sizes&quot;:[]},&quot;element_pack_global_tooltip_padding&quot;:{&quot;unit&quot;:&quot;px&quot;,&quot;top&quot;:&quot;&quot;,&quot;right&quot;:&quot;&quot;,&quot;bottom&quot;:&quot;&quot;,&quot;left&quot;:&quot;&quot;,&quot;isLinked&quot;:true},&quot;element_pack_global_tooltip_padding_tablet&quot;:{&quot;unit&quot;:&quot;px&quot;,&quot;top&quot;:&quot;&quot;,&quot;right&quot;:&quot;&quot;,&quot;bottom&quot;:&quot;&quot;,&quot;left&quot;:&quot;&quot;,&quot;isLinked&quot;:true},&quot;element_pack_global_tooltip_padding_mobile&quot;:{&quot;unit&quot;:&quot;px&quot;,&quot;top&quot;:&quot;&quot;,&quot;right&quot;:&quot;&quot;,&quot;bottom&quot;:&quot;&quot;,&quot;left&quot;:&quot;&quot;,&quot;isLinked&quot;:true},&quot;element_pack_global_tooltip_border_radius&quot;:{&quot;unit&quot;:&quot;px&quot;,&quot;top&quot;:&quot;&quot;,&quot;right&quot;:&quot;&quot;,&quot;bottom&quot;:&quot;&quot;,&quot;left&quot;:&quot;&quot;,&quot;isLinked&quot;:true},&quot;element_pack_global_tooltip_border_radius_tablet&quot;:{&quot;unit&quot;:&quot;px&quot;,&quot;top&quot;:&quot;&quot;,&quot;right&quot;:&quot;&quot;,&quot;bottom&quot;:&quot;&quot;,&quot;left&quot;:&quot;&quot;,&quot;isLinked&quot;:true},&quot;element_pack_global_tooltip_border_radius_mobile&quot;:{&quot;unit&quot;:&quot;px&quot;,&quot;top&quot;:&quot;&quot;,&quot;right&quot;:&quot;&quot;,&quot;bottom&quot;:&quot;&quot;,&quot;left&quot;:&quot;&quot;,&quot;isLinked&quot;:true}}\" data-elementor-post-type=\"page\">\n\t\t\t\t<div class=\"elementor-element elementor-element-d72bb42 e-flex e-con-boxed e-con e-parent\" data-id=\"d72bb42\" data-element_type=\"container\">\n\t\t\t\t\t<div class=\"e-con-inner\">\n\t\t<div class=\"elementor-element elementor-element-38cabc9 e-con-full e-flex e-con e-child\" data-id=\"38cabc9\" data-element_type=\"container\">\n\t\t\t\t<div class=\"elementor-element elementor-element-39fc01c elementor-widget elementor-widget-heading\" data-id=\"39fc01c\" data-element_type=\"widget\" data-widget_type=\"heading.default\">\n\t\t\t\t\t<h2 class=\"elementor-heading-title elementor-size-default\">150 ml kolonya bazl\u0131 l\u00fcks oda spreyi<\/h2>\t\t\t\t<\/div>\n\t\t\t\t<div class=\"elementor-element elementor-element-2de2e63 elementor-widget elementor-widget-text-editor\" data-id=\"2de2e63\" data-element_type=\"widget\" data-widget_type=\"text-editor.default\">\n\t\t\t\t\t\t\t\t\t<p dir=\"ltr\" style=\"text-align: left;\">E\u011fer l\u00fcks ve benzersiz bir atmosfer yaratmak istiyorsan\u0131z, 150 ml&#8217;lik parf\u00fcm bazl\u0131 l\u00fcks oda kokusu tam size g\u00f6re. Bu oda kokusu, saf ve pahal\u0131 parf\u00fcm esanslar\u0131 kullan\u0131larak haz\u0131rlanm\u0131\u015ft\u0131r ve ortama kal\u0131c\u0131, y\u00fcksek kaliteli bir koku ve farkl\u0131 bir hava katar.<\/p>\n<p dir=\"ltr\" style=\"text-align: left;\">Neden parf\u00fcm bazl\u0131 l\u00fcks oda kokusu? Normal oda kokular\u0131 ho\u015f kokulara sahip olabilirler ancak hi\u00e7biri bir parf\u00fcm\u00fcn l\u00fcks ve \u00e7ekici hissini ortama aktaramaz. L\u00fcks oda kokular\u0131, orijinal esanslar ve parf\u00fcmerideki en ho\u015f kokular kullan\u0131larak haz\u0131rlan\u0131r ve size \u00f6zel, keyifli ve farkl\u0131 bir ortam sunar. Sadece misafirlerinizi b\u00fcy\u00fclemeyecek, ayn\u0131 zamanda l\u00fcks ya\u015fam\u0131n benzersiz bir deneyimini size sunacak bir koku.<\/p>\n\t\t\t\t\t\t\t\t<\/div>\n\t\t\t\t<\/div>\n\t\t<div class=\"elementor-element elementor-element-11091f5 e-con-full e-flex e-con e-child\" data-id=\"11091f5\" data-element_type=\"container\">\n\t\t\t\t<div class=\"elementor-element elementor-element-855f8f9 dce_masking-none elementor-widget elementor-widget-image\" data-id=\"855f8f9\" data-element_type=\"widget\" data-settings=\"{&quot;_animation&quot;:&quot;none&quot;}\" data-widget_type=\"image.default\">\n\t\t\t\t\t\t\t\t\t\t\t\t\t\t\t<img fetchpriority=\"high\" decoding=\"async\" width=\"1000\" height=\"695\" src=\"https:\/\/rozitogroup.com\/wp-content\/uploads\/2024\/09\/gallery4.webp\" class=\"attachment-large size-large wp-image-3328\" alt=\"\" srcset=\"https:\/\/rozitogroup.com\/wp-content\/uploads\/2024\/09\/gallery4.webp 1000w, https:\/\/rozitogroup.com\/wp-content\/uploads\/2024\/09\/gallery4-300x209.webp 300w, https:\/\/rozitogroup.com\/wp-content\/uploads\/2024\/09\/gallery4-768x534.webp 768w, https:\/\/rozitogroup.com\/wp-content\/uploads\/2024\/09\/gallery4-600x417.webp 600w\" sizes=\"(max-width: 1000px) 100vw, 1000px\" \/>\t\t\t\t\t\t\t\t\t\t\t\t\t\t\t<\/div>\n\t\t\t\t<\/div>\n\t\t\t\t\t<\/div>\n\t\t\t\t<\/div>\n\t\t<div class=\"elementor-element elementor-element-b731b24 e-flex e-con-boxed e-con e-parent\" data-id=\"b731b24\" data-element_type=\"container\" data-settings=\"{&quot;background_background&quot;:&quot;classic&quot;}\">\n\t\t\t\t\t<div class=\"e-con-inner\">\n\t\t\t\t<div class=\"elementor-element elementor-element-7f11e21 elementor-widget elementor-widget-heading\" data-id=\"7f11e21\" data-element_type=\"widget\" data-widget_type=\"heading.default\">\n\t\t\t\t\t<h2 class=\"elementor-heading-title elementor-size-default\">\u00d6zel alanlar i\u00e7in l\u00fcks bir koku<\/h2>\t\t\t\t<\/div>\n\t\t\t\t<div class=\"elementor-element elementor-element-68bd54e elementor-widget elementor-widget-text-editor\" data-id=\"68bd54e\" data-element_type=\"widget\" data-widget_type=\"text-editor.default\">\n\t\t\t\t\t\t\t\t\t<p dir=\"ltr\" style=\"text-align: left;\">Farkl\u0131 bir atmosfer yarat\u0131r.<\/p>\n<p dir=\"ltr\" style=\"text-align: left;\">Neden parf\u00fcm bazl\u0131 l\u00fcks oda kokusu? Normal oda kokular\u0131 ho\u015f kokulara sahip olabilirler ancak hi\u00e7biri bir parf\u00fcm\u00fcn l\u00fcks ve \u00e7ekici hissini ortama aktaramaz. L\u00fcks oda kokular\u0131, orijinal esanslar ve parf\u00fcmerideki en ho\u015f kokular kullan\u0131larak haz\u0131rlan\u0131r ve size \u00f6zel, keyifli ve farkl\u0131 bir ortam sunar. Sadece misafirlerinizi b\u00fcy\u00fclemeyecek, ayn\u0131 zamanda l\u00fcks ya\u015fam\u0131n benzersiz bir deneyimini size sunacak bir koku.<\/p>\n<p dir=\"ltr\" style=\"text-align: left;\">150 ml&#8217;lik parf\u00fcm bazl\u0131 l\u00fcks oda kokumuzun \u00f6zellikleri:<\/p>\n<ul dir=\"ltr\" style=\"text-align: left;\">\n<li><strong>Kal\u0131c\u0131 ve g\u00fc\u00e7l\u00fc koku:<\/strong> Y\u00fcksek kaliteli parf\u00fcm esanslar\u0131 sayesinde kokusu uzun s\u00fcre kal\u0131c\u0131d\u0131r.<\/li>\n<li><strong>Uygun hacim:<\/strong> Geni\u015f alanlar i\u00e7in idealdir ve uzun s\u00fcre kullan\u0131labilir.<\/li>\n<li><strong>\u00c7e\u015fitli kokular:<\/strong> Ah\u015fap, narenciye, oryantal ve baharatl\u0131 gibi farkl\u0131 kokular mevcuttur.<\/li>\n<li><strong>L\u00fcks mekanlar i\u00e7in uygun:<\/strong> \u015e\u0131k evler, ofisler, l\u00fcks oteller ve \u00f6zel ma\u011fazalar i\u00e7in idealdir.<\/li>\n<li><strong>\u00d6zel ve l\u00fcks kokular:<\/strong>\n<ul>\n<li><strong>Ah\u015fap ve baharatl\u0131 kokular:<\/strong> G\u00fc\u00e7l\u00fc ve \u00f6zel bir atmosfer yarat\u0131r.<\/li>\n<li><strong>Narenciye kokular\u0131:<\/strong> Tazelik ve canl\u0131l\u0131k hissi verir.<\/li>\n<li><strong>\u00c7i\u00e7eksi ve oryantal kokular:<\/strong> Romantik ve rahatlat\u0131c\u0131 bir ortam sa\u011flar.<\/li>\n<\/ul>\n<\/li>\n<\/ul>\n<p dir=\"ltr\" style=\"text-align: left;\"><strong>Kullan\u0131m:<\/strong> \u00dcr\u00fcn\u00fc istedi\u011finiz alana birka\u00e7 p\u00fcsk\u00fcrt\u00fcn. G\u00fc\u00e7l\u00fc form\u00fcl\u00fc sayesinde h\u0131zla yay\u0131l\u0131r ve l\u00fcks bir atmosfer olu\u015fturur.<\/p>\n<p dir=\"ltr\" style=\"text-align: left;\"><strong>Nerede kullan\u0131l\u0131r?<\/strong> Geni\u015f ve l\u00fcks alanlar i\u00e7in idealdir:<\/p>\n<ul dir=\"ltr\" style=\"text-align: left;\">\n<li>Geni\u015f oturma odalar\u0131<\/li>\n<li>L\u00fcks y\u00f6netim ofisleri<\/li>\n<li>Oteller ve butik ma\u011fazalar<\/li>\n<li>\u00d6zel etkinlikler ve partiler<\/li>\n<\/ul>\n<p dir=\"ltr\" style=\"text-align: left;\"><strong>Rozito&#8217;da l\u00fcks oda kokular\u0131<\/strong> Rezito olarak size en iyi ve l\u00fcks parf\u00fcm bazl\u0131 oda kokular\u0131n\u0131 sunuyoruz. Uzman parf\u00fcmerlerimiz taraf\u0131ndan \u00f6zenle haz\u0131rlanan kokular\u0131m\u0131zla unutulmaz bir deneyim ya\u015fay\u0131n.<\/p>\n\t\t\t\t\t\t\t\t<\/div>\n\t\t\t\t\t<\/div>\n\t\t\t\t<\/div>\n\t\t\t\t<\/div>\n\t\t","protected":false},"excerpt":{"rendered":"<p>150 ml kolonya bazl\u0131 l\u00fcks oda spreyi E\u011fer l\u00fcks ve benzersiz bir atmosfer yaratmak istiyorsan\u0131z, 150 ml&#8217;lik parf\u00fcm bazl\u0131 l\u00fcks oda kokusu tam size g\u00f6re. Bu oda kokusu, saf ve pahal\u0131 parf\u00fcm esanslar\u0131 kullan\u0131larak haz\u0131rlanm\u0131\u015ft\u0131r ve ortama kal\u0131c\u0131, y\u00fcksek kaliteli bir koku ve farkl\u0131 bir hava katar. Neden parf\u00fcm bazl\u0131 l\u00fcks oda kokusu? Normal oda [&hellip;]<\/p>\n","protected":false},"author":1,"featured_media":3821,"parent":0,"menu_order":0,"comment_status":"closed","ping_status":"closed","template":"","meta":{"_acf_changed":false,"footnotes":""},"class_list":["post-3450","page","type-page","status-publish","has-post-thumbnail","hentry"],"acf":[],"_links":{"self":[{"href":"https:\/\/rozitogroup.com\/tr\/wp-json\/wp\/v2\/pages\/3450","targetHints":{"allow":["GET"]}}],"collection":[{"href":"https:\/\/rozitogroup.com\/tr\/wp-json\/wp\/v2\/pages"}],"about":[{"href":"https:\/\/rozitogroup.com\/tr\/wp-json\/wp\/v2\/types\/page"}],"author":[{"embeddable":true,"href":"https:\/\/rozitogroup.com\/tr\/wp-json\/wp\/v2\/users\/1"}],"replies":[{"embeddable":true,"href":"https:\/\/rozitogroup.com\/tr\/wp-json\/wp\/v2\/comments?post=3450"}],"version-history":[{"count":2,"href":"https:\/\/rozitogroup.com\/tr\/wp-json\/wp\/v2\/pages\/3450\/revisions"}],"predecessor-version":[{"id":3804,"href":"https:\/\/rozitogroup.com\/tr\/wp-json\/wp\/v2\/pages\/3450\/revisions\/3804"}],"wp:featuredmedia":[{"embeddable":true,"href":"https:\/\/rozitogroup.com\/tr\/wp-json\/wp\/v2\/media\/3821"}],"wp:attachment":[{"href":"https:\/\/rozitogroup.com\/tr\/wp-json\/wp\/v2\/media?parent=3450"}],"curies":[{"name":"wp","href":"https:\/\/api.w.org\/{rel}","templated":true}]}}