{"id":2622,"date":"2023-12-27T13:53:28","date_gmt":"2023-12-27T10:23:28","guid":{"rendered":"https:\/\/rozitogroup.com\/rozito\/"},"modified":"2024-01-12T22:19:32","modified_gmt":"2024-01-12T18:49:32","slug":"rozito","status":"publish","type":"page","link":"https:\/\/rozitogroup.com\/tr\/","title":{"rendered":"rozito"},"content":{"rendered":"<p>[rev_slider alias=&#8221;Wine&#8221; slidertitle=&#8221;Wine&#8221;][\/rev_slider]\n\t\t\t\t\t\t<link rel=\"stylesheet\" id=\"wd-section-title-css\" href=\"https:\/\/rozitogroup.com\/wp-content\/themes\/woodmart\/css\/parts\/el-section-title-rtl.min.css?ver=7.3.4\" type=\"text\/css\" media=\"all\" \/>\n\t\t\t\t\tMerhaba D\u00fcnya|\t\t\t\t<\/p>\n<h1>Rozito<\/h1>\n<p>Rozito, d\u00fc\u015f\u00fcnce ve teknolojiyi birle\u015ftirerek, her g\u00fcn bir ekip \u00e7al\u0131\u015fmas\u0131yla yeni ve farkl\u0131 fikirleri deneyimleyerek bu fikirleri ger\u00e7e\u011fe d\u00f6n\u00fc\u015ft\u00fcr\u00fcyor ve bilgiye dayal\u0131 faaliyetler \u00e7er\u00e7evesinde merkezi ara\u015ft\u0131rmalarla fizi\u011fini olu\u015fturuyor. Sa\u011fl\u0131k ve hijyen alan\u0131nda tazeli\u011fi, g\u00fczelli\u011fi, hassasiyeti, temizli\u011fi ve safl\u0131\u011f\u0131 t\u00fcketicilerle bulu\u015fturuyoruz.<\/p>\n<link rel=\"stylesheet\" id=\"wd-text-block-css\" href=\"https:\/\/rozitogroup.com\/wp-content\/themes\/woodmart\/css\/parts\/el-text-block.min.css?ver=7.3.4\" type=\"text\/css\" media=\"all\" \/>\n<p><a href=\"https:\/\/rozitogroup.com\/tr\/urun-kategori\/oda-spreyleri\/oda-spreyi-150-ml\/\">Oda spreyi 150 ml<\/a><\/p>\n<p>\t\t\t<a  href=\"https:\/\/rozitogroup.com\/tr\/urun-kategori\/oda-spreyleri\/oda-spreyi-150-ml\/\"><br \/>\n\t\t\t\t\tliste<br \/>\n\t\t\t\t\t\t\t<\/a><\/p>\n<p><a href=\"https:\/\/rozitogroup.com\/tr\/urun-kategori\/oda-spreyleri\/oda-spreyi-120-ml\/\">Oda spreyi 120 ml<\/a><\/p>\n<p>\t\t\t<a  href=\"https:\/\/rozitogroup.com\/tr\/urun-kategori\/oda-spreyleri\/oda-spreyi-120-ml\/\"><br \/>\n\t\t\t\t\tliste<br \/>\n\t\t\t\t\t\t\t<\/a><\/p>\n<p><a href=\"https:\/\/rozitogroup.com\/tr\/urun-kategori\/parfum-ve-kolonya\/\">35 ml kolonya<\/a><\/p>\n<p>\t\t\t<a  href=\"https:\/\/rozitogroup.com\/tr\/urun-kategori\/parfum-ve-kolonya\/\"><br \/>\n\t\t\t\t\tliste<br \/>\n\t\t\t\t\t\t\t<\/a><\/p>\n<p><a href=\"https:\/\/rozitogroup.com\/tr\/urun-kategori\/oda-spreyleri\/otomobil-spreyi\/\">Otomobil Spreyi<\/a><\/p>\n<p>\t\t\t<a  href=\"https:\/\/rozitogroup.com\/tr\/urun-kategori\/oda-spreyleri\/otomobil-spreyi\/\"><br \/>\n\t\t\t\t\tliste<br \/>\n\t\t\t\t\t\t\t<\/a>\n\t\t\t\t\t\t<link rel=\"stylesheet\" id=\"wd-section-title-style-under-and-over-css\" href=\"https:\/\/rozitogroup.com\/wp-content\/themes\/woodmart\/css\/parts\/el-section-title-style-under-and-over.min.css?ver=7.3.4\" type=\"text\/css\" media=\"all\" \/>\n<h3>G\u00fczel ya\u015fam\u0131n kokusu<\/h3>\n<link rel=\"stylesheet\" id=\"wd-photoswipe-css\" href=\"https:\/\/rozitogroup.com\/wp-content\/themes\/woodmart\/css\/parts\/lib-photoswipe-rtl.min.css?ver=7.3.4\" type=\"text\/css\" media=\"all\" \/> \t\t\t\t\t\t<link rel=\"stylesheet\" id=\"wd-image-gallery-css\" href=\"https:\/\/rozitogroup.com\/wp-content\/themes\/woodmart\/css\/parts\/el-gallery.min.css?ver=7.3.4\" type=\"text\/css\" media=\"all\" \/>\n\t\t\t\t\t\t\t\t\t\t\t\t\t<a  href=\"https:\/\/rozitogroup.com\/wp-content\/uploads\/2024\/01\/gallery-1.webp\"data-width=\"800\" data-height=\"800\" data-index=\"1\" data-elementor-open-lightbox=\"no\"><br \/>\n\t\t\t\t\t\t<img decoding=\"async\" src=\"https:\/\/rozitogroup.com\/wp-content\/uploads\/2024\/01\/gallery-1.webp\"alt=\"gallery (1)\"><br \/>\n\t\t\t\t\t\t\t\t\t\t\t\t\t<\/a><br \/>\n\t\t\t\t\t\t\t\t\t\t\t\t\t<a  href=\"https:\/\/rozitogroup.com\/wp-content\/uploads\/2024\/01\/gallery-2.webp\"data-width=\"800\" data-height=\"800\" data-index=\"2\" data-elementor-open-lightbox=\"no\"><br \/>\n\t\t\t\t\t\t<img decoding=\"async\" src=\"https:\/\/rozitogroup.com\/wp-content\/uploads\/2024\/01\/gallery-2.webp\"alt=\"gallery (2)\"><br \/>\n\t\t\t\t\t\t\t\t\t\t\t\t\t<\/a><br \/>\n\t\t\t\t\t\t\t\t\t\t\t\t\t<a  href=\"https:\/\/rozitogroup.com\/wp-content\/uploads\/2024\/01\/gallery-3.webp\"data-width=\"800\" data-height=\"800\" data-index=\"3\" data-elementor-open-lightbox=\"no\"><br \/>\n\t\t\t\t\t\t<img decoding=\"async\" src=\"https:\/\/rozitogroup.com\/wp-content\/uploads\/2024\/01\/gallery-3.webp\"alt=\"gallery (3)\"><br \/>\n\t\t\t\t\t\t\t\t\t\t\t\t\t<\/a><br \/>\n\t\t\t\t\t\t\t\t\t\t\t\t\t<a  href=\"https:\/\/rozitogroup.com\/wp-content\/uploads\/2024\/01\/gallery-4.webp\"data-width=\"800\" data-height=\"800\" data-index=\"4\" data-elementor-open-lightbox=\"no\"><br \/>\n\t\t\t\t\t\t<img decoding=\"async\" src=\"https:\/\/rozitogroup.com\/wp-content\/uploads\/2024\/01\/gallery-4.webp\"alt=\"gallery (4)\"><br \/>\n\t\t\t\t\t\t\t\t\t\t\t\t\t<\/a><br \/>\n\t\t\t\t\t\t\t\t\t\t\t\t\t<a  href=\"https:\/\/rozitogroup.com\/wp-content\/uploads\/2024\/01\/gallery-5.webp\"data-width=\"800\" data-height=\"800\" data-index=\"5\" data-elementor-open-lightbox=\"no\"><br \/>\n\t\t\t\t\t\t<img decoding=\"async\" src=\"https:\/\/rozitogroup.com\/wp-content\/uploads\/2024\/01\/gallery-5.webp\"alt=\"gallery (5)\"><br \/>\n\t\t\t\t\t\t\t\t\t\t\t\t\t<\/a><br \/>\n\t\t\t\t\t\t\t\t\t\t\t\t\t<a  href=\"https:\/\/rozitogroup.com\/wp-content\/uploads\/2024\/01\/gallery-6.webp\"data-width=\"800\" data-height=\"800\" data-index=\"6\" data-elementor-open-lightbox=\"no\"><br \/>\n\t\t\t\t\t\t<img decoding=\"async\" src=\"https:\/\/rozitogroup.com\/wp-content\/uploads\/2024\/01\/gallery-6.webp\"alt=\"gallery (6)\"><br \/>\n\t\t\t\t\t\t\t\t\t\t\t\t\t<\/a><br \/>\n\t\t\t\t\t\t\t\t\t\t\t\t\t<a  href=\"https:\/\/rozitogroup.com\/wp-content\/uploads\/2024\/01\/gallery-7.webp\"data-width=\"800\" data-height=\"800\" data-index=\"7\" data-elementor-open-lightbox=\"no\"><br \/>\n\t\t\t\t\t\t<img decoding=\"async\" src=\"https:\/\/rozitogroup.com\/wp-content\/uploads\/2024\/01\/gallery-7.webp\"alt=\"gallery (7)\"><br \/>\n\t\t\t\t\t\t\t\t\t\t\t\t\t<\/a><br \/>\n\t\t\t\t\t\t\t\t\t\t\t\t\t<a  href=\"https:\/\/rozitogroup.com\/wp-content\/uploads\/2024\/01\/gallery-8.webp\"data-width=\"800\" data-height=\"800\" data-index=\"8\" data-elementor-open-lightbox=\"no\"><br \/>\n\t\t\t\t\t\t<img decoding=\"async\" src=\"https:\/\/rozitogroup.com\/wp-content\/uploads\/2024\/01\/gallery-8.webp\"alt=\"gallery (8)\"><br \/>\n\t\t\t\t\t\t\t\t\t\t\t\t\t<\/a><br \/>\n\t\t\t\t\t\t\t\t\t\t\t\t\t<a  href=\"https:\/\/rozitogroup.com\/wp-content\/uploads\/2024\/01\/gallery-9.webp\"data-width=\"800\" data-height=\"800\" data-index=\"9\" data-elementor-open-lightbox=\"no\"><br \/>\n\t\t\t\t\t\t<img decoding=\"async\" src=\"https:\/\/rozitogroup.com\/wp-content\/uploads\/2024\/01\/gallery-9.webp\"alt=\"gallery (9)\"><br \/>\n\t\t\t\t\t\t\t\t\t\t\t\t\t<\/a><br \/>\n\t\t\t\t\t\t\t\t\t\t\t\t\t<a  href=\"https:\/\/rozitogroup.com\/wp-content\/uploads\/2024\/01\/gallery-10.webp\"data-width=\"800\" data-height=\"800\" data-index=\"10\" data-elementor-open-lightbox=\"no\"><br \/>\n\t\t\t\t\t\t<img decoding=\"async\" src=\"https:\/\/rozitogroup.com\/wp-content\/uploads\/2024\/01\/gallery-10.webp\"alt=\"gallery (10)\"><br \/>\n\t\t\t\t\t\t\t\t\t\t\t\t\t<\/a><br \/>\n\t\t\t\t\t\t\t\t\t\t\t\t\t<a  href=\"https:\/\/rozitogroup.com\/wp-content\/uploads\/2024\/01\/gallery-11.webp\"data-width=\"800\" data-height=\"800\" data-index=\"11\" data-elementor-open-lightbox=\"no\"><br \/>\n\t\t\t\t\t\t<img decoding=\"async\" src=\"https:\/\/rozitogroup.com\/wp-content\/uploads\/2024\/01\/gallery-11.webp\"alt=\"gallery (11)\"><br \/>\n\t\t\t\t\t\t\t\t\t\t\t\t\t<\/a><br \/>\n\t\t\t\t\t\t\t\t\t\t\t\t\t<a  href=\"https:\/\/rozitogroup.com\/wp-content\/uploads\/2024\/01\/gallery-12.webp\"data-width=\"800\" data-height=\"800\" data-index=\"12\" data-elementor-open-lightbox=\"no\"><br \/>\n\t\t\t\t\t\t<img decoding=\"async\" src=\"https:\/\/rozitogroup.com\/wp-content\/uploads\/2024\/01\/gallery-12.webp\"alt=\"gallery (12)\"><br \/>\n\t\t\t\t\t\t\t\t\t\t\t\t\t<\/a><br \/>\n\t\t\t\t\t\t\t\t\t\t\t\t\t<a  href=\"https:\/\/rozitogroup.com\/wp-content\/uploads\/2024\/01\/gallery-13.webp\"data-width=\"800\" data-height=\"800\" data-index=\"13\" data-elementor-open-lightbox=\"no\"><br \/>\n\t\t\t\t\t\t<img decoding=\"async\" src=\"https:\/\/rozitogroup.com\/wp-content\/uploads\/2024\/01\/gallery-13.webp\"alt=\"gallery (13)\"><br \/>\n\t\t\t\t\t\t\t\t\t\t\t\t\t<\/a><br \/>\n\t\t\t\t\t\t\t\t\t\t\t\t\t<a  href=\"https:\/\/rozitogroup.com\/wp-content\/uploads\/2024\/01\/gallery-14.webp\"data-width=\"800\" data-height=\"800\" data-index=\"14\" data-elementor-open-lightbox=\"no\"><br \/>\n\t\t\t\t\t\t<img decoding=\"async\" src=\"https:\/\/rozitogroup.com\/wp-content\/uploads\/2024\/01\/gallery-14.webp\"alt=\"gallery (14)\"><br \/>\n\t\t\t\t\t\t\t\t\t\t\t\t\t<\/a><br \/>\n\t\t\t\t\tBenzersiz kalite\t\t\t\t<\/p>\n<h4>Rozito&#8217;nun itibar\u0131 sizin g\u00fcveninizdir<\/h4>\n<p>Rozito grup, yapay zekadan yararlanarak ve b\u00f6lgesel co\u011frafyaya g\u00f6re farkl\u0131 zevklere y\u00f6nelik t\u00fcketicileri memnun etmeyi ama\u00e7layan farkl\u0131 ve do\u011fal kokular yarat\u0131yor.<br \/>Ev, i\u015f yeri, dinlenme, araba, tatil ve v\u00fccudunuzu her zaman g\u00fczelle\u015ftirir. ve k\u0131yafetlerin taze ve ho\u015f kokulu olmas\u0131.<br \/>Elbette Rozito, parf\u00fcm, kolonya ve el yap\u0131m\u0131 sprey \u00e7e\u015fitlerini m\u00fc\u015fterilerin zevkine ve sipari\u015fine g\u00f6re, en k\u0131sa s\u00fcrede ve herkes i\u00e7in en iyi form\u00fclle \u00fcreterek bir ad\u0131m daha att\u0131. vesilelerle. ad\u0131n\u0131z\u0131n yaz\u0131l\u0131 oldu\u011fu VIP paketler halinde \u00fcretip sunar.<\/p>\n<p>\t\t\t<a href=\"https:\/\/rozitogroup.com\/tr\/\"><br \/>\n\t\t\t\t\t\tMallar\u0131n orijinalli\u011fini kontrol edin<br \/>\n\t\t\t\t\t<\/a><\/p>\n<style>\/*! elementor - v3.18.0 - 20-12-2023 *\/\n.elementor-widget-image{text-align:center}.elementor-widget-image a{display:inline-block}.elementor-widget-image a img[src$=\".svg\"]{width:48px}.elementor-widget-image img{vertical-align:middle;display:inline-block}<\/style>\n<p>\t\t\t\t\t\t\t\t\t\t\t\t\t<a href=\"https:\/\/rozitogroup.com\/tr\/\"><br \/>\n\t\t\t\t\t\t\t<img fetchpriority=\"high\" decoding=\"async\" width=\"1024\" height=\"1024\" src=\"https:\/\/rozitogroup.com\/wp-content\/uploads\/2023\/10\/icon-2-1024x1024.webp\" alt=\"\" srcset=\"https:\/\/rozitogroup.com\/wp-content\/uploads\/2023\/10\/icon-2-1024x1024.webp 1024w, https:\/\/rozitogroup.com\/wp-content\/uploads\/2023\/10\/icon-2-300x300.webp 300w, https:\/\/rozitogroup.com\/wp-content\/uploads\/2023\/10\/icon-2-150x150.webp 150w, https:\/\/rozitogroup.com\/wp-content\/uploads\/2023\/10\/icon-2-768x768.webp 768w, https:\/\/rozitogroup.com\/wp-content\/uploads\/2023\/10\/icon-2-1536x1536.webp 1536w, https:\/\/rozitogroup.com\/wp-content\/uploads\/2023\/10\/icon-2-600x600.webp 600w, https:\/\/rozitogroup.com\/wp-content\/uploads\/2023\/10\/icon-2.webp 1920w\" sizes=\"(max-width: 1024px) 100vw, 1024px\" \/>\t\t\t\t\t\t\t\t<\/a><br \/>\n\t\t\t\t\t\t\t\t\t\t\t\t\t\t\t<img decoding=\"async\" width=\"1024\" height=\"696\" src=\"https:\/\/rozitogroup.com\/wp-content\/uploads\/2023\/12\/group-1024x696.webp\" alt=\"\" srcset=\"https:\/\/rozitogroup.com\/wp-content\/uploads\/2023\/12\/group-1024x696.webp 1024w, https:\/\/rozitogroup.com\/wp-content\/uploads\/2023\/12\/group-300x204.webp 300w, https:\/\/rozitogroup.com\/wp-content\/uploads\/2023\/12\/group-768x522.webp 768w, https:\/\/rozitogroup.com\/wp-content\/uploads\/2023\/12\/group-600x408.webp 600w, https:\/\/rozitogroup.com\/wp-content\/uploads\/2023\/12\/group-150x102.webp 150w, https:\/\/rozitogroup.com\/wp-content\/uploads\/2023\/12\/group.webp 1067w\" sizes=\"(max-width: 1024px) 100vw, 1024px\" \/>\t\t\t\t\t\t\t\t\t\t\t\t\t\t\t<\/p>\n<h3>Temsil<\/h3>\n<p>Rozito \u015firketi, sat\u0131\u015f \u00e7emberini tamamlamak i\u00e7in siz de\u011ferli dostlar\u0131m\u0131za cazip ko\u015fullar sa\u011flad\u0131.<\/p>\n<p>Ajans almak, ba\u015far\u0131l\u0131 bir i\u015f arayanlar i\u00e7in cazip bir f\u0131rsatt\u0131r. Mal satma, m\u00fc\u015fteri \u00e7ekme ve pazarlama konusunda gerekli yetene\u011fe sahipseniz, sat\u0131\u015flar\u0131n\u0131zdan kesinlikle keyif alacaks\u0131n\u0131z. D\u00fcnyan\u0131n her yerinde resmi temsilcimiz olabilirsiniz.<\/p>\n<p>Rozito k\u00fcresel bir ba\u015far\u0131d\u0131r ve amac\u0131m\u0131z hayat\u0131n g\u00fczel kokusunu insanlar\u0131n hayatlar\u0131na yaymakt\u0131r.<\/p>\n<link rel=\"stylesheet\" id=\"wd-tabs-css\" href=\"https:\/\/rozitogroup.com\/wp-content\/themes\/woodmart\/css\/parts\/el-tabs-rtl.min.css?ver=7.3.4\" type=\"text\/css\" media=\"all\" \/> \t\t\t\t\t\t<link rel=\"stylesheet\" id=\"wd-product-tabs-css\" href=\"https:\/\/rozitogroup.com\/wp-content\/themes\/woodmart\/css\/parts\/el-product-tabs-rtl.min.css?ver=7.3.4\" type=\"text\/css\" media=\"all\" \/>\n\t\t\t\t\t\t\tRozito \u00fcr\u00fcnleri\t\t\t\t\t\t<\/p>\n<ul>\n<li data-atts=\"{&quot;layout&quot;:&quot;carousel&quot;,&quot;pagination&quot;:null,&quot;items_per_page&quot;:12,&quot;spacing&quot;:&quot;20&quot;,&quot;columns&quot;:null,&quot;products_masonry&quot;:null,&quot;products_different_sizes&quot;:null,&quot;product_quantity&quot;:&quot;&quot;,&quot;product_hover&quot;:&quot;icons&quot;,&quot;sale_countdown&quot;:&quot;0&quot;,&quot;stretch_product_tablet&quot;:0,&quot;stretch_product_mobile&quot;:0,&quot;stock_progress_bar&quot;:&quot;0&quot;,&quot;highlighted_products&quot;:0,&quot;products_bordered_grid&quot;:&quot;0&quot;,&quot;products_bordered_grid_style&quot;:null,&quot;products_with_background&quot;:&quot;0&quot;,&quot;products_shadow&quot;:&quot;&quot;,&quot;products_color_scheme&quot;:&quot;default&quot;,&quot;img_size&quot;:&quot;large&quot;,&quot;elementor&quot;:true,&quot;slides_per_view&quot;:{&quot;unit&quot;:&quot;px&quot;,&quot;size&quot;:4,&quot;sizes&quot;:[]},&quot;scroll_per_page&quot;:&quot;yes&quot;,&quot;hide_pagination_control&quot;:&quot;no&quot;,&quot;hide_prev_next_buttons&quot;:&quot;no&quot;,&quot;center_mode&quot;:&quot;no&quot;,&quot;wrap&quot;:&quot;no&quot;,&quot;autoplay&quot;:&quot;no&quot;,&quot;speed&quot;:null,&quot;img_size_custom&quot;:null,&quot;stretch_product&quot;:&quot;0&quot;,&quot;grid_gallery&quot;:&quot;&quot;,&quot;grid_gallery_control&quot;:null,&quot;grid_gallery_enable_arrows&quot;:null,&quot;lazy_loading&quot;:&quot;no&quot;,&quot;taxonomies&quot;:[&quot;124&quot;],&quot;hide_out_of_stock&quot;:&quot;&quot;,&quot;post_type&quot;:&quot;product&quot;,&quot;ajax_recently_viewed&quot;:null,&quot;include&quot;:null,&quot;orderby&quot;:&quot;&quot;,&quot;offset&quot;:&quot;&quot;,&quot;query_type&quot;:&quot;OR&quot;,&quot;order&quot;:&quot;&quot;,&quot;meta_key&quot;:null,&quot;exclude&quot;:&quot;&quot;}\">\n\t\t\t\t\t\t\t\t<a href=\"#\"><br \/>\n\t\t\t\t\t\t\t\t\t\tOda spreyi 120 ml<br \/>\n\t\t\t\t\t\t\t\t<\/a>\n\t\t\t\t\t\t\t<\/li>\n<li data-atts=\"{&quot;layout&quot;:&quot;carousel&quot;,&quot;pagination&quot;:null,&quot;items_per_page&quot;:12,&quot;spacing&quot;:&quot;20&quot;,&quot;columns&quot;:null,&quot;products_masonry&quot;:null,&quot;products_different_sizes&quot;:null,&quot;product_quantity&quot;:&quot;&quot;,&quot;product_hover&quot;:&quot;icons&quot;,&quot;sale_countdown&quot;:&quot;0&quot;,&quot;stretch_product_tablet&quot;:0,&quot;stretch_product_mobile&quot;:0,&quot;stock_progress_bar&quot;:&quot;0&quot;,&quot;highlighted_products&quot;:0,&quot;products_bordered_grid&quot;:&quot;0&quot;,&quot;products_bordered_grid_style&quot;:null,&quot;products_with_background&quot;:&quot;0&quot;,&quot;products_shadow&quot;:&quot;&quot;,&quot;products_color_scheme&quot;:&quot;default&quot;,&quot;img_size&quot;:&quot;large&quot;,&quot;elementor&quot;:true,&quot;slides_per_view&quot;:{&quot;unit&quot;:&quot;px&quot;,&quot;size&quot;:4,&quot;sizes&quot;:[]},&quot;scroll_per_page&quot;:&quot;yes&quot;,&quot;hide_pagination_control&quot;:&quot;no&quot;,&quot;hide_prev_next_buttons&quot;:&quot;no&quot;,&quot;center_mode&quot;:&quot;no&quot;,&quot;wrap&quot;:&quot;no&quot;,&quot;autoplay&quot;:&quot;no&quot;,&quot;speed&quot;:null,&quot;img_size_custom&quot;:null,&quot;stretch_product&quot;:&quot;0&quot;,&quot;grid_gallery&quot;:&quot;&quot;,&quot;grid_gallery_control&quot;:null,&quot;grid_gallery_enable_arrows&quot;:null,&quot;lazy_loading&quot;:&quot;no&quot;,&quot;taxonomies&quot;:[&quot;125&quot;],&quot;post_type&quot;:&quot;product&quot;,&quot;ajax_recently_viewed&quot;:null,&quot;include&quot;:null,&quot;orderby&quot;:&quot;&quot;,&quot;offset&quot;:&quot;&quot;,&quot;query_type&quot;:&quot;OR&quot;,&quot;order&quot;:&quot;&quot;,&quot;hide_out_of_stock&quot;:&quot;no&quot;,&quot;meta_key&quot;:null,&quot;exclude&quot;:&quot;&quot;}\">\n\t\t\t\t\t\t\t\t<a href=\"#\"><br \/>\n\t\t\t\t\t\t\t\t\t\tOda spreyi 150 ml<br \/>\n\t\t\t\t\t\t\t\t<\/a>\n\t\t\t\t\t\t\t<\/li>\n<li data-atts=\"{&quot;layout&quot;:&quot;carousel&quot;,&quot;pagination&quot;:null,&quot;items_per_page&quot;:12,&quot;spacing&quot;:&quot;20&quot;,&quot;columns&quot;:null,&quot;products_masonry&quot;:null,&quot;products_different_sizes&quot;:null,&quot;product_quantity&quot;:&quot;&quot;,&quot;product_hover&quot;:&quot;icons&quot;,&quot;sale_countdown&quot;:&quot;0&quot;,&quot;stretch_product_tablet&quot;:0,&quot;stretch_product_mobile&quot;:0,&quot;stock_progress_bar&quot;:&quot;0&quot;,&quot;highlighted_products&quot;:0,&quot;products_bordered_grid&quot;:&quot;0&quot;,&quot;products_bordered_grid_style&quot;:null,&quot;products_with_background&quot;:&quot;0&quot;,&quot;products_shadow&quot;:&quot;&quot;,&quot;products_color_scheme&quot;:&quot;default&quot;,&quot;img_size&quot;:&quot;large&quot;,&quot;elementor&quot;:true,&quot;slides_per_view&quot;:{&quot;unit&quot;:&quot;px&quot;,&quot;size&quot;:4,&quot;sizes&quot;:[]},&quot;scroll_per_page&quot;:&quot;yes&quot;,&quot;hide_pagination_control&quot;:&quot;no&quot;,&quot;hide_prev_next_buttons&quot;:&quot;no&quot;,&quot;center_mode&quot;:&quot;no&quot;,&quot;wrap&quot;:&quot;no&quot;,&quot;autoplay&quot;:&quot;no&quot;,&quot;speed&quot;:null,&quot;img_size_custom&quot;:null,&quot;stretch_product&quot;:&quot;0&quot;,&quot;grid_gallery&quot;:&quot;&quot;,&quot;grid_gallery_control&quot;:null,&quot;grid_gallery_enable_arrows&quot;:null,&quot;lazy_loading&quot;:&quot;no&quot;,&quot;taxonomies&quot;:[&quot;120&quot;],&quot;post_type&quot;:&quot;product&quot;,&quot;ajax_recently_viewed&quot;:null,&quot;include&quot;:null,&quot;orderby&quot;:&quot;&quot;,&quot;offset&quot;:&quot;&quot;,&quot;query_type&quot;:&quot;OR&quot;,&quot;order&quot;:&quot;&quot;,&quot;hide_out_of_stock&quot;:&quot;no&quot;,&quot;meta_key&quot;:null,&quot;exclude&quot;:&quot;&quot;}\">\n\t\t\t\t\t\t\t\t<a href=\"#\"><br \/>\n\t\t\t\t\t\t\t\t\t\tOtomobil Spreyi<br \/>\n\t\t\t\t\t\t\t\t<\/a>\n\t\t\t\t\t\t\t<\/li>\n<li data-atts=\"{&quot;layout&quot;:&quot;carousel&quot;,&quot;pagination&quot;:null,&quot;items_per_page&quot;:12,&quot;spacing&quot;:&quot;20&quot;,&quot;columns&quot;:null,&quot;products_masonry&quot;:null,&quot;products_different_sizes&quot;:null,&quot;product_quantity&quot;:&quot;&quot;,&quot;product_hover&quot;:&quot;icons&quot;,&quot;sale_countdown&quot;:&quot;0&quot;,&quot;stretch_product_tablet&quot;:0,&quot;stretch_product_mobile&quot;:0,&quot;stock_progress_bar&quot;:&quot;0&quot;,&quot;highlighted_products&quot;:0,&quot;products_bordered_grid&quot;:&quot;0&quot;,&quot;products_bordered_grid_style&quot;:null,&quot;products_with_background&quot;:&quot;0&quot;,&quot;products_shadow&quot;:&quot;&quot;,&quot;products_color_scheme&quot;:&quot;default&quot;,&quot;img_size&quot;:&quot;large&quot;,&quot;elementor&quot;:true,&quot;slides_per_view&quot;:{&quot;unit&quot;:&quot;px&quot;,&quot;size&quot;:4,&quot;sizes&quot;:[]},&quot;scroll_per_page&quot;:&quot;yes&quot;,&quot;hide_pagination_control&quot;:&quot;no&quot;,&quot;hide_prev_next_buttons&quot;:&quot;no&quot;,&quot;center_mode&quot;:&quot;no&quot;,&quot;wrap&quot;:&quot;no&quot;,&quot;autoplay&quot;:&quot;no&quot;,&quot;speed&quot;:null,&quot;img_size_custom&quot;:null,&quot;stretch_product&quot;:&quot;0&quot;,&quot;grid_gallery&quot;:&quot;&quot;,&quot;grid_gallery_control&quot;:null,&quot;grid_gallery_enable_arrows&quot;:null,&quot;lazy_loading&quot;:&quot;no&quot;,&quot;taxonomies&quot;:[&quot;17&quot;],&quot;post_type&quot;:&quot;product&quot;,&quot;ajax_recently_viewed&quot;:null,&quot;include&quot;:null,&quot;orderby&quot;:&quot;&quot;,&quot;offset&quot;:&quot;&quot;,&quot;query_type&quot;:&quot;OR&quot;,&quot;order&quot;:&quot;&quot;,&quot;hide_out_of_stock&quot;:&quot;no&quot;,&quot;meta_key&quot;:null,&quot;exclude&quot;:&quot;&quot;}\">\n\t\t\t\t\t\t\t\t<a href=\"#\"><br \/>\n\t\t\t\t\t\t\t\t\t\tParf\u00fcm ve kolonya<br \/>\n\t\t\t\t\t\t\t\t<\/a>\n\t\t\t\t\t\t\t<\/li>\n<\/ul>\n<p>\t\t\t\t\t\t\tArray<br \/>\n\t\t\t\t\t\t\t\t\t\t\t\t\t\t\t<img decoding=\"async\" width=\"538\" height=\"294\" src=\"https:\/\/rozitogroup.com\/wp-content\/uploads\/2023\/10\/Rozito-4.webp\" alt=\"\u0631\u0632\u06cc\u062a\u0648 \u06af\u0631\u0648\u067e\" srcset=\"https:\/\/rozitogroup.com\/wp-content\/uploads\/2023\/10\/Rozito-4.webp 538w, https:\/\/rozitogroup.com\/wp-content\/uploads\/2023\/10\/Rozito-4-300x164.webp 300w, https:\/\/rozitogroup.com\/wp-content\/uploads\/2023\/10\/Rozito-4-150x82.webp 150w\" sizes=\"(max-width: 538px) 100vw, 538px\" \/><\/p>\n","protected":false},"excerpt":{"rendered":"<p>[rev_slider alias=&#8221;Wine&#8221; slidertitle=&#8221;Wine&#8221;][\/rev_slider] Merhaba D\u00fcnya| Rozito Rozito, d\u00fc\u015f\u00fcnce ve teknolojiyi birle\u015ftirerek, her g\u00fcn bir ekip \u00e7al\u0131\u015fmas\u0131yla yeni ve farkl\u0131 fikirleri deneyimleyerek bu fikirleri ger\u00e7e\u011fe d\u00f6n\u00fc\u015ft\u00fcr\u00fcyor ve bilgiye dayal\u0131 faaliyetler \u00e7er\u00e7evesinde merkezi ara\u015ft\u0131rmalarla fizi\u011fini olu\u015fturuyor. Sa\u011fl\u0131k ve hijyen alan\u0131nda tazeli\u011fi, g\u00fczelli\u011fi, hassasiyeti, temizli\u011fi ve safl\u0131\u011f\u0131 t\u00fcketicilerle bulu\u015fturuyoruz. Oda spreyi 150 ml liste Oda spreyi 120 ml [&hellip;]<\/p>\n","protected":false},"author":1,"featured_media":0,"parent":0,"menu_order":0,"comment_status":"closed","ping_status":"closed","template":"page-index.php","meta":{"_acf_changed":false,"footnotes":""},"class_list":["post-2622","page","type-page","status-publish","hentry"],"acf":[],"_links":{"self":[{"href":"https:\/\/rozitogroup.com\/tr\/wp-json\/wp\/v2\/pages\/2622","targetHints":{"allow":["GET"]}}],"collection":[{"href":"https:\/\/rozitogroup.com\/tr\/wp-json\/wp\/v2\/pages"}],"about":[{"href":"https:\/\/rozitogroup.com\/tr\/wp-json\/wp\/v2\/types\/page"}],"author":[{"embeddable":true,"href":"https:\/\/rozitogroup.com\/tr\/wp-json\/wp\/v2\/users\/1"}],"replies":[{"embeddable":true,"href":"https:\/\/rozitogroup.com\/tr\/wp-json\/wp\/v2\/comments?post=2622"}],"version-history":[{"count":7,"href":"https:\/\/rozitogroup.com\/tr\/wp-json\/wp\/v2\/pages\/2622\/revisions"}],"predecessor-version":[{"id":3093,"href":"https:\/\/rozitogroup.com\/tr\/wp-json\/wp\/v2\/pages\/2622\/revisions\/3093"}],"wp:attachment":[{"href":"https:\/\/rozitogroup.com\/tr\/wp-json\/wp\/v2\/media?parent=2622"}],"curies":[{"name":"wp","href":"https:\/\/api.w.org\/{rel}","templated":true}]}}